{"id":29,"date":"2018-05-30T08:31:30","date_gmt":"2018-05-30T08:31:30","guid":{"rendered":"https:\/\/partnom.at\/?page_id=29"},"modified":"2026-01-27T10:04:20","modified_gmt":"2026-01-27T10:04:20","slug":"info-service","status":"publish","type":"page","link":"https:\/\/partnom.at\/index.php\/info-service\/","title":{"rendered":"Info &#038; Anfrage"},"content":{"rendered":"<p><section   class=\"fw-main-row  auto  fw-section-position-back\"    >\n\t\t\t<div class=\"fw-container\" >\n\t\t<div class=\"fw-row\">\n\t<div id=\"column-69def214b49f1\" class=\"fw-col-sm-12 tf-sh-655411f258e7a1e2a1acb13c0d5ee44a\" >\n\t<div class=\"fw-wrap-col-inner clearfix  \"   >\n\t\t\t\t<div class=\"fw-col-inner\">\n\t\t\t<div class=\"fw-text-box tf-sh-b3e1cedcbf8b469b2ae12fc655904a52 \" >\n\t<div class=\"fw-text-inner\">\n\t\t<div><\/div>\n\t<\/div>\n<\/div>\t\t<\/div>\n\t<\/div>\n<\/div><\/div>\n\n<div class=\"fw-row\">\n\t<div id=\"column-69def214b5f90\" class=\"fw-col-sm-4 tf-sh-a5b339197ee29c9ff86dc5c5e4fc6910  fw-animated-element\" data-animation-type=\"fadeInUp\" data-animation-delay=\"200\">\n\t<div class=\"fw-wrap-col-inner clearfix  \"   >\n\t\t\t\t<div class=\"fw-col-inner\">\n\t\t\t\n\t\n\t\t<div class=\"fw-block-image-parent  \"  style=\"width: 100%; \">\n\t\t\t<span class=\"fw-block-image-child fw-ratio-3-2 fw-ratio-container\">\n\t\t\t\t<noscript itemscope itemtype=\"https:\/\/schema.org\/ImageObject\" itemprop=\"image\"><img src=\"https:\/\/partnom.at\/wp-content\/uploads\/2018\/07\/IMG_5896.jpg\"  alt=\"IMG_5896\" data-maxdpr=\"1.7\" class=\"lazyload\" \/><meta itemprop=\"url\" content=\"https:\/\/partnom.at\/wp-content\/uploads\/2018\/07\/IMG_5896.jpg\"><meta itemprop=\"width\" content=\"4588\"><meta itemprop=\"height\" content=\"3059\"><\/noscript><img src=\"data:image\/gif;base64,R0lGODlhAQABAIAAAAAAAP\/\/\/yH5BAEAAAAALAAAAAABAAEAAAIBRAA7\" data-sizes=\"auto\" data-srcset=\"https:\/\/partnom.at\/wp-content\/uploads\/2018\/07\/IMG_5896-300x200.jpg 300w, https:\/\/partnom.at\/wp-content\/uploads\/2018\/07\/IMG_5896-768x512.jpg 768w, https:\/\/partnom.at\/wp-content\/uploads\/2018\/07\/IMG_5896-1024x683.jpg 1024w, https:\/\/partnom.at\/wp-content\/uploads\/2018\/07\/IMG_5896-600x400.jpg 600w, https:\/\/partnom.at\/wp-content\/uploads\/2018\/07\/IMG_5896-1200x800.jpg 1200w, https:\/\/partnom.at\/wp-content\/uploads\/2018\/07\/IMG_5896.jpg 4588w\"   alt=\"IMG_5896\" data-maxdpr=\"1.7\" class=\"lazyload\" \/>\t\t\t\t\t\t\t<\/span>\n\t\t<\/div>\n\n\t\n\t\t<\/div>\n\t<\/div>\n<\/div><div id=\"column-69def214b8660\" class=\"fw-col-sm-8 tf-sh-62c3b50444504321bf879f73d8473f57  fw-animated-element\" data-animation-type=\"fadeInUp\" data-animation-delay=\"200\">\n\t<div class=\"fw-wrap-col-inner clearfix  \"   >\n\t\t\t\t<div class=\"fw-col-inner\">\n\t\t\t<div class=\"fw-text-box tf-sh-39d1d3edb1d0e4bc7304c65550b0f173 \" >\n\t<div class=\"fw-text-inner\">\n\t\t<h4>Radler<\/h4>\n<p>Erkunden Sie mit dem Mountainbike die Region des Biosph\u00e4renparks Gro\u00dfes Walsertal auf zwei R\u00e4dern. Viele abwechslungsreiche, spannende und anspruchsvolle\u00a0Routen laden zum Genie\u00dfen der Bergwelt ein.<\/p>\n<p>&nbsp;<\/p>\n\t<\/div>\n<\/div><div class=\"text-left\">\t<a href=\"\/index.php\/radler\/\" target=\"_self\" class=\"fw-btn tf-sh-378d137197e859985d2108b1a0b4234c  fw-btn-md   fw-animated-element fw-btn-2\"  data-animation-type=\"fadeInUp\" data-animation-delay=\"200\" style=\"\">\n\t\t<span >\n\t\t\tMEHR DAR\u00dcBER\t\t<\/span>\n\t<\/a>\n<\/div>\t\t<\/div>\n\t<\/div>\n<\/div><\/div>\n\n<div class=\"fw-row\">\n\t<div id=\"column-69def214ba7ae\" class=\"fw-col-sm-4 tf-sh-2051448775bd18f50b3fe5ff0b576851  fw-animated-element\" data-animation-type=\"fadeInUp\" data-animation-delay=\"200\">\n\t<div class=\"fw-wrap-col-inner clearfix  \"   >\n\t\t\t\t<div class=\"fw-col-inner\">\n\t\t\t<div class=\"fw-text-box tf-sh-e4f4ff7759475279be939b2e91b864a0 \" >\n\t<div class=\"fw-text-inner\">\n\t\t<h4>Wanderlust<\/h4>\n<p>Entdecken Sie die Vielfalt der Wanderlust von Partnom bis Rothenbrunnen. Ob geselliger Familienausflug, anspruchsvolle Gipfeltouren, idyllische Bergseen oder beeindruckende Panoramen. Hier ist f\u00fcr jeden etwas dabei.<\/p>\n<p>&nbsp;<\/p>\n\t<\/div>\n<\/div><div class=\"text-left\">\t<a href=\"\/index.php\/wanderlust\/\" target=\"_self\" class=\"fw-btn tf-sh-bb9db12608cabda3542c468a55afdda9  fw-btn-md   fw-animated-element fw-btn-2\"  data-animation-type=\"fadeInUp\" data-animation-delay=\"200\" style=\"\">\n\t\t<span >\n\t\t\tMEHR DAR\u00dcBER\t\t<\/span>\n\t<\/a>\n<\/div>\t\t<\/div>\n\t<\/div>\n<\/div><div id=\"column-69def214bb730\" class=\"fw-col-sm-8 tf-sh-7bdeb2087a3055fd34c95e377fff89bf  fw-animated-element\" data-animation-type=\"fadeInUp\" data-animation-delay=\"200\">\n\t<div class=\"fw-wrap-col-inner clearfix  \"   >\n\t\t\t\t<div class=\"fw-col-inner\">\n\t\t\t\n\t\n\t\t<div class=\"fw-block-image-parent  \"  style=\"width: 100%; \">\n\t\t\t<span class=\"fw-block-image-child fw-ratio-3-2 fw-ratio-container\">\n\t\t\t\t<noscript itemscope itemtype=\"https:\/\/schema.org\/ImageObject\" itemprop=\"image\"><img src=\"https:\/\/partnom.at\/wp-content\/uploads\/2018\/07\/IMG_5958.jpg\"  alt=\"IMG_5958\" data-maxdpr=\"1.7\" class=\"lazyload\" \/><meta itemprop=\"url\" content=\"https:\/\/partnom.at\/wp-content\/uploads\/2018\/07\/IMG_5958.jpg\"><meta itemprop=\"width\" content=\"5472\"><meta itemprop=\"height\" content=\"3648\"><\/noscript><img src=\"data:image\/gif;base64,R0lGODlhAQABAIAAAAAAAP\/\/\/yH5BAEAAAAALAAAAAABAAEAAAIBRAA7\" data-sizes=\"auto\" data-srcset=\"https:\/\/partnom.at\/wp-content\/uploads\/2018\/07\/IMG_5958-300x200.jpg 300w, https:\/\/partnom.at\/wp-content\/uploads\/2018\/07\/IMG_5958-768x512.jpg 768w, https:\/\/partnom.at\/wp-content\/uploads\/2018\/07\/IMG_5958-1024x683.jpg 1024w, https:\/\/partnom.at\/wp-content\/uploads\/2018\/07\/IMG_5958-600x400.jpg 600w, https:\/\/partnom.at\/wp-content\/uploads\/2018\/07\/IMG_5958-1200x800.jpg 1200w, https:\/\/partnom.at\/wp-content\/uploads\/2018\/07\/IMG_5958.jpg 5472w\"   alt=\"IMG_5958\" data-maxdpr=\"1.7\" class=\"lazyload\" \/>\t\t\t\t\t\t\t<\/span>\n\t\t<\/div>\n\n\t\n\t\t<\/div>\n\t<\/div>\n<\/div><\/div>\n\n<div class=\"fw-row\">\n\t<div id=\"column-69def214be549\" class=\"fw-col-sm-4 tf-sh-ade23c19da3c83423f730ce6a5acbd14  fw-animated-element\" data-animation-type=\"fadeInUp\" data-animation-delay=\"200\">\n\t<div class=\"fw-wrap-col-inner clearfix  \"   >\n\t\t\t\t<div class=\"fw-col-inner\">\n\t\t\t\n\t\n\t\t<div class=\"fw-block-image-parent  \"  style=\"width: 100%; \">\n\t\t\t<span class=\"fw-block-image-child fw-ratio-3-2 fw-ratio-container\">\n\t\t\t\t<noscript itemscope itemtype=\"https:\/\/schema.org\/ImageObject\" itemprop=\"image\"><img src=\"https:\/\/partnom.at\/wp-content\/uploads\/2018\/07\/AC_Partnom_Er\u00f6ffnungsfeier-67.2.jpg\"  alt=\"Bergwelt\" data-maxdpr=\"1.7\" class=\"lazyload\" \/><meta itemprop=\"url\" content=\"https:\/\/partnom.at\/wp-content\/uploads\/2018\/07\/AC_Partnom_Er\u00f6ffnungsfeier-67.2.jpg\"><meta itemprop=\"width\" content=\"5472\"><meta itemprop=\"height\" content=\"3648\"><\/noscript><img src=\"data:image\/gif;base64,R0lGODlhAQABAIAAAAAAAP\/\/\/yH5BAEAAAAALAAAAAABAAEAAAIBRAA7\" data-sizes=\"auto\" data-srcset=\"https:\/\/partnom.at\/wp-content\/uploads\/2018\/07\/AC_Partnom_Er\u00f6ffnungsfeier-67.2-300x200.jpg 300w, https:\/\/partnom.at\/wp-content\/uploads\/2018\/07\/AC_Partnom_Er\u00f6ffnungsfeier-67.2-768x512.jpg 768w, https:\/\/partnom.at\/wp-content\/uploads\/2018\/07\/AC_Partnom_Er\u00f6ffnungsfeier-67.2-1024x683.jpg 1024w, https:\/\/partnom.at\/wp-content\/uploads\/2018\/07\/AC_Partnom_Er\u00f6ffnungsfeier-67.2-600x400.jpg 600w, https:\/\/partnom.at\/wp-content\/uploads\/2018\/07\/AC_Partnom_Er\u00f6ffnungsfeier-67.2-1200x800.jpg 1200w, https:\/\/partnom.at\/wp-content\/uploads\/2018\/07\/AC_Partnom_Er\u00f6ffnungsfeier-67.2.jpg 5472w\"   alt=\"Bergwelt\" data-maxdpr=\"1.7\" class=\"lazyload\" \/>\t\t\t\t\t\t\t<\/span>\n\t\t<\/div>\n\n\t\n\t\t<\/div>\n\t<\/div>\n<\/div><div id=\"column-69def214c05c6\" class=\"fw-col-sm-8 tf-sh-c95c9ae9b5f766fffedb03316d8689c2  fw-animated-element\" data-animation-type=\"fadeInUp\" data-animation-delay=\"200\">\n\t<div class=\"fw-wrap-col-inner clearfix  \"   >\n\t\t\t\t<div class=\"fw-col-inner\">\n\t\t\t<div class=\"fw-text-box tf-sh-c6a078f52974ff650a77a213f58cf498 \" >\n\t<div class=\"fw-text-inner\">\n\t\t<h4>Seilbahnen Sonntag-Stein<\/h4>\n<p>Die Seilbahnen Sonntag Stein im Biosph\u00e4renpark Gro\u00dfes Walsertal schaffen im Sommer, wie auch im Winter, die Verbindung zwischen Ort und Alm. Die Montafon-Brandnertal- und die Bregenzerwald-Card sind g\u00fcltig.<\/p>\n<p>&nbsp;<\/p>\n\t<\/div>\n<\/div><div class=\"text-left\">\t<a href=\"\/index.php\/seilbahnen\/\" target=\"_self\" class=\"fw-btn tf-sh-6722307cc7abeb1390045f1c2612cd96  fw-btn-md   fw-animated-element fw-btn-2\"  data-animation-type=\"fadeInUp\" data-animation-delay=\"200\" style=\"\">\n\t\t<span >\n\t\t\tMEHR DAR\u00dcBER\t\t<\/span>\n\t<\/a>\n<\/div>\t\t<\/div>\n\t<\/div>\n<\/div><\/div>\n\n\t<\/div>\n\t<\/section><section data-parallax-background-speed=\"2\"  class=\"fw-main-row-custom  fw_theme_bg_color_2 fw-section-image auto fw-content-vertical-align-middle parallax-section fw-section-position-back tf-sh-9ac6a78593c9ba143edce0d7c2b93249\"  style=\" background-image:url(https:\/\/partnom.at\/wp-content\/uploads\/2018\/07\/IMG_5676-1.jpg); background-repeat: no-repeat; background-position: center center; background-size: cover;\"  >\n\t\t<div class=\"fw-main-row-overlay fw_theme_bg_color_2\" style=\"opacity: 0.85;\"><\/div>\t<div class=\"fw-container-fluid\" >\n\t\t<div class=\"fw-row\">\n\t<div id=\"column-69def214c3179\" class=\"fw-col-sm-3 tf-sh-6ac479faa2d035641baa9e8a39b64998\" >\n\t<div class=\"fw-wrap-col-inner clearfix  \"   >\n\t\t\t\t<div class=\"fw-col-inner\">\n\t\t\t\n\t\n\t\t<div class=\"fw-block-image-parent  fw-block-image-circle fw-block-image-center\"  style=\"width: 150px; \">\n\t\t\t<span class=\"fw-block-image-child fw-ratio-1 fw-ratio-container\">\n\t\t\t\t<noscript itemscope itemtype=\"https:\/\/schema.org\/ImageObject\" itemprop=\"image\"><img src=\"https:\/\/partnom.at\/wp-content\/uploads\/2018\/07\/Doppelzimmer_Icon.png\"  alt=\"Doppelzimmer_Icon\" data-maxdpr=\"1.7\" width=\"150\" class=\"lazyload\" \/><meta itemprop=\"url\" content=\"https:\/\/partnom.at\/wp-content\/uploads\/2018\/07\/Doppelzimmer_Icon.png\"><meta itemprop=\"width\" content=\"779\"><meta itemprop=\"height\" content=\"779\"><\/noscript><img src=\"data:image\/gif;base64,R0lGODlhAQABAIAAAAAAAP\/\/\/yH5BAEAAAAALAAAAAABAAEAAAIBRAA7\" data-sizes=\"auto\" data-srcset=\"https:\/\/partnom.at\/wp-content\/uploads\/2018\/07\/Doppelzimmer_Icon-150x150.png 150w, https:\/\/partnom.at\/wp-content\/uploads\/2018\/07\/Doppelzimmer_Icon-300x300.png 300w, https:\/\/partnom.at\/wp-content\/uploads\/2018\/07\/Doppelzimmer_Icon-768x768.png 768w, https:\/\/partnom.at\/wp-content\/uploads\/2018\/07\/Doppelzimmer_Icon-300x300.png 300w, https:\/\/partnom.at\/wp-content\/uploads\/2018\/07\/Doppelzimmer_Icon.png 779w\"   alt=\"Doppelzimmer_Icon\" data-maxdpr=\"1.7\" width=\"150\" class=\"lazyload\" \/>\t\t\t\t\t\t\t<\/span>\n\t\t<\/div>\n\n\t\n\t\t<\/div>\n\t<\/div>\n<\/div><div id=\"column-69def214c5967\" class=\"fw-col-sm-9 tf-sh-7843261455cd9bdf7e9871f5843c3423\" >\n\t<div class=\"fw-wrap-col-inner clearfix  \"   >\n\t\t\t\t<div class=\"fw-col-inner\">\n\t\t\t<blockquote class=\"fw-quote tf-sh-d0e1ff70c4178ac89170196ffb642c40 fw-quote-left  fw-animated-element fw-quote-position\" data-animation-type=\"fadeInUp\" data-animation-delay=\"200\">\n\t\t\t<span class=\"fw-symbols-quote\" style=\"position:relative;top:57px;left:-36px;\">&ldquo;<\/span>\n\t\n\t<div class=\"fw-quote-text\">\n\t\t<h4><\/h4>\n<h5>Doppelzimmer im Alpen-Chalet Partnom:<\/h5>\n<p>\u00dcbernachtung inkl. Verw\u00f6hnpension (Fr\u00fchst\u00fcck &amp; Abendmen\u00fc) <strong>\u20ac 130,-<\/strong> \/ Person<\/p>\n<p>zzgl. Ortstaxe ab 15 Jahren \u20ac 3,00 \/ Nacht und Person<br \/>Aufschlag bei Buchung eines Doppelzimmers zur Einzelnutzung \u20ac 35,- \/ Nacht und Person<br \/>Kindererm\u00e4\u00dfigung im Zimmer der Eltern mit 2 Vollzahlern:<\/p>\n<p>Kinder bis inkl. 3 Jahre \u00fcbernachten kostenlos inkl. Fr\u00fchst\u00fcck, Essen a la carte<br \/>Kinder bis 12 Jahre im Zimmer der Eltern \u20ac 78,- \/ Kind<\/p>\n<p>Bitte um Beachtung: Hunde sind im Alpen-Chalet zur \u00dcbernachtung nicht erlaubt!<\/p>\n\t<\/div>\n\t\n<\/blockquote>\t\t<\/div>\n\t<\/div>\n<\/div><\/div>\n\n\t<\/div>\n\t<\/section><section   class=\"fw-main-row  auto  fw-section-position-back\"    >\n\t\t\t<div class=\"fw-container\" >\n\t\t<div class=\"fw-row\">\n\t<div id=\"column-69def214c8398\" class=\"fw-col-sm-1-5 tf-sh-0e0f03bb974b4e6c4bb1a6d74efa6a05\" >\n\t<div class=\"fw-wrap-col-inner clearfix  \"   >\n\t\t\t\t<div class=\"fw-col-inner\">\n\t\t\t<div class=\"fw-icon-title fw-icon-title-top clearfix tf-sh-51d3ab85c96be22c45dd8bc1c8f6d6fc  fw-content-align-center fw-icon-title-border-on fw-animated-element\"  data-animation-type=\"fadeInUp\" data-animation-delay=\"200\">\n\t\t\t<div class=\"fw-icon-title-name\">\n\t\t\t<div class=\"fw-icon-title-name-inner\">\n\t\t\t\t\t\t\t\t\t<span class=\"fw-icon-title-icon fw-custom-icon-image\">\n\t\t\t\t\t\t\t\t\t\t\t\t\t<img src=\"\/\/partnom.at\/wp-content\/uploads\/2018\/07\/Doppelzimmer_Icon2.png\" alt=\"\" \/>\t\t\t\t\t\t\t\t\t\t\t<\/span>\n\t\t\t\t\n\t\t\t\t\t\t\t\t\t\t\t\t\t<h4 class=\"fw-icon-title-text\">\n\t\t\t\t\t\t6 Zimmer als Einzel-, Doppel- oder Familienzimmer Nutzbar mit geteiltem Bad\t\t\t\t\t<\/h4>\n\t\t\t\t\t\t\t\t\t\t<\/div>\n\t\t<\/div>\n\t<\/div>\t\t<\/div>\n\t<\/div>\n<\/div><div id=\"column-69def214c99c8\" class=\"fw-col-sm-1-5 tf-sh-3ef4a68c36a1ea7026fc251170135961\" >\n\t<div class=\"fw-wrap-col-inner clearfix  \"   >\n\t\t\t\t<div class=\"fw-col-inner\">\n\t\t\t<div class=\"fw-icon-title fw-icon-title-top clearfix tf-sh-cb648cd28b31989b60fde0b1bdab854f  fw-content-align-center fw-icon-title-border-on fw-animated-element\"  data-animation-type=\"fadeInUp\" data-animation-delay=\"300\">\n\t\t\t<div class=\"fw-icon-title-name\">\n\t\t\t<div class=\"fw-icon-title-name-inner\">\n\t\t\t\t\t\t\t\t\t<span class=\"fw-icon-title-icon fw-custom-icon-image\">\n\t\t\t\t\t\t\t\t\t\t\t\t\t<img src=\"\/\/partnom.at\/wp-content\/uploads\/2018\/07\/Sauna_Icon.png\" alt=\"\" \/>\t\t\t\t\t\t\t\t\t\t\t<\/span>\n\t\t\t\t\n\t\t\t\t\t\t\t\t\t\t\t\t\t<h4 class=\"fw-icon-title-text\">\n\t\t\t\t\t\t1 Sauna\t\t\t\t\t<\/h4>\n\t\t\t\t\t\t\t\t\t\t<\/div>\n\t\t<\/div>\n\t<\/div>\t\t<\/div>\n\t<\/div>\n<\/div><div id=\"column-69def214caa26\" class=\"fw-col-sm-1-5 tf-sh-01dde512f043c9b71c9d2ee11903b44e\" >\n\t<div class=\"fw-wrap-col-inner clearfix  \"   >\n\t\t\t\t<div class=\"fw-col-inner\">\n\t\t\t<div class=\"fw-icon-title fw-icon-title-top clearfix tf-sh-56f7f7e8240d61039a9fcba6f5d53198  fw-content-align-center fw-icon-title-border-on fw-animated-element\"  data-animation-type=\"fadeInUp\" data-animation-delay=\"400\">\n\t\t\t<div class=\"fw-icon-title-name\">\n\t\t\t<div class=\"fw-icon-title-name-inner\">\n\t\t\t\t\t\t\t\t\t<span class=\"fw-icon-title-icon fw-custom-icon-image\">\n\t\t\t\t\t\t\t\t\t\t\t\t\t<img src=\"\/\/partnom.at\/wp-content\/uploads\/2018\/07\/Whisky_Zigarren_Icon.png\" alt=\"\" \/>\t\t\t\t\t\t\t\t\t\t\t<\/span>\n\t\t\t\t\n\t\t\t\t\t\t\t\t\t\t\t\t\t<h4 class=\"fw-icon-title-text\">\n\t\t\t\t\t\tLoggia (Whisky- & Zigarrenlounge)\t\t\t\t\t<\/h4>\n\t\t\t\t\t\t\t\t\t\t<\/div>\n\t\t<\/div>\n\t<\/div>\t\t<\/div>\n\t<\/div>\n<\/div><div id=\"column-69def214cbb0e\" class=\"fw-col-sm-1-5 tf-sh-6a3cc61ed2aad2a9e5547e5381299240\" >\n\t<div class=\"fw-wrap-col-inner clearfix  \"   >\n\t\t\t\t<div class=\"fw-col-inner\">\n\t\t\t<div class=\"fw-icon-title fw-icon-title-top clearfix tf-sh-2d38a1f451b63d85a52e3dd4eb61af30  fw-content-align-center fw-animated-element\"  data-animation-type=\"fadeInUp\" data-animation-delay=\"500\">\n\t\t\t<div class=\"fw-icon-title-name\">\n\t\t\t<div class=\"fw-icon-title-name-inner\">\n\t\t\t\t\t\t\t\t\t<span class=\"fw-icon-title-icon \">\n\t\t\t\t\t\t\t\t\t\t\t\t\t<i class=\"fa fa-wifi\"><\/i>\t\t\t\t\t\t\t\t\t\t\t<\/span>\n\t\t\t\t\n\t\t\t\t\t\t\t\t\t\t\t\t\t<h4 class=\"fw-icon-title-text\">\n\t\t\t\t\t\tWLAN auf Wunsch\t\t\t\t\t<\/h4>\n\t\t\t\t\t\t\t\t\t\t<\/div>\n\t\t<\/div>\n\t<\/div>\t\t<\/div>\n\t<\/div>\n<\/div><div id=\"column-69def214ccbe0\" class=\"fw-col-sm-1-5 tf-sh-5b7b7bd3fc6d132498de18cddf3d18e3\" >\n\t<div class=\"fw-wrap-col-inner clearfix  \"   >\n\t\t\t\t<div class=\"fw-col-inner\">\n\t\t\t<div class=\"fw-icon-title fw-icon-title-top clearfix tf-sh-b1140f59c9eb4d0a49dd9fea796e28ea  fw-content-align-center fw-animated-element\"  data-animation-type=\"fadeInUp\" data-animation-delay=\"600\">\n\t\t\t<div class=\"fw-icon-title-name\">\n\t\t\t<div class=\"fw-icon-title-name-inner\">\n\t\t\t\t\t\t\t\t\t<span class=\"fw-icon-title-icon \">\n\t\t\t\t\t\t\t\t\t\t\t\t\t<i class=\"fa fa-cutlery\"><\/i>\t\t\t\t\t\t\t\t\t\t\t<\/span>\n\t\t\t\t\n\t\t\t\t\t\t\t\t\t\t\t\t\t<h4 class=\"fw-icon-title-text\">\n\t\t\t\t\t\tHalbpension\t\t\t\t\t<\/h4>\n\t\t\t\t\t\t\t\t\t\t<\/div>\n\t\t<\/div>\n\t<\/div>\t\t<\/div>\n\t<\/div>\n<\/div><\/div>\n\n<div class=\"fw-row\">\n\t<div id=\"column-69def214ce624\" class=\"fw-col-sm-2 tf-sh-e73460c7c304f524c277127a8da21379\" >\n\t<div class=\"fw-wrap-col-inner clearfix  \"   >\n\t\t\t\t<div class=\"fw-col-inner\">\n\t\t\t\t\t<\/div>\n\t<\/div>\n<\/div><div id=\"column-69def214ceda9\" class=\"fw-col-sm-8 tf-sh-1362b6a0904bf9c8e40735f0b8bc283a\" >\n\t<div class=\"fw-wrap-col-inner clearfix  \"   >\n\t\t\t\t<div class=\"fw-col-inner\">\n\t\t\t<div id=\"calendar\" data-extends-ajax-params=\"{&quot;data_provider&quot;:&quot;custom&quot;}\" data-ajax-url=\"https:\/\/partnom.at\/wp-admin\/admin-ajax.php\" data-template=\"month\" data-template-path=\"https:\/\/partnom.at\/wp-content\/plugins\/unyson\/framework\/extensions\/shortcodes\/shortcodes\/calendar\/views\/\" data-first-day=\"1\" data-event-source=\"[{&quot;id&quot;:0,&quot;start&quot;:&quot;1530921600&quot;,&quot;end&quot;:&quot;1531090800&quot;,&quot;title&quot;:&quot;Ausgebucht&quot;,&quot;url&quot;:&quot;&quot;}]\" class=\" wrapp_calendar fw-shortcode-calendar-wrapper shortcode-container  tf-sh-dc49303900952a1901d3eb0872ba7aa2 fw-animated-element\"   data-animation-type=\"fadeInUp\" data-animation-delay=\"200\">\n\n\t<div class=\"fw-shortcode-calendar\"><\/div>\n\n\t<div class=\"page-header hidden-header\">\n\t\t<div class=\"calendar-navigation btn-group\">\n\t\t\t<button data-calendar-nav=\"prev\" class=\"prev\"><i class=\"fa fa-angle-left\"><\/i><\/button>\n\t\t\t<h3><!-- Here will be set the title --><\/h3>\n\t\t\t<button class=\"next\" data-calendar-nav=\"next\"><i class=\"fa fa-angle-right\"><\/i><\/button>\n\t\t<\/div>\n\t<\/div>\n<\/div><div class=\"fw-contact-form tf-sh-732209cbafc8cd4a2ae8c1e332be2b31 \" data-redirect-page=\"\">\n\t<div class=\"fw-row wrap-forms wrap-contact-forms\">\n\t\t<form data-fw-form-id=\"fw_form\" method=\"post\" action=\"https:\/\/partnom.at\/index.php\/wp-json\/wp\/v2\/pages\/29\" class=\"fw_form_fw_form\" data-fw-ext-forms-type=\"contact-forms\"  ><input type=\"hidden\" name=\"fwf\" value=\"fw_form\" \/><input type=\"hidden\" id=\"_nonce_be32cdde33883082526509f0f7a42c64\" name=\"_nonce_be32cdde33883082526509f0f7a42c64\" value=\"da4a5c4cda\" \/><input type=\"hidden\" name=\"_wp_http_referer\" value=\"\/index.php\/wp-json\/wp\/v2\/pages\/29\" \/><input type=\"hidden\" name=\"fw_ext_forms_form_type\" value=\"contact-forms\" \/><input type=\"hidden\" name=\"fw_ext_forms_form_id\" value=\"732209cbafc8cd4a2ae8c1e332be2b31\" \/><div class=\"fw-row\"><\/div><div class=\"fw-row\"><div class=\"fw-col-xs-12 fw-col-sm-6 form-builder-item\">\n\t<div class=\"field-text\">\n\t\t\t\t\t<label for=\"id-1\">Vor- und Nachname\t\t\t\t<sup>*<\/sup>\t\t\t<\/label>\n\t\t\t\t<input type=\"text\" name=\"text_837dbe8\" placeholder=\"Vor- und Nachname\" value=\"\" id=\"id-1\" class=\"required\" >\n\t\t\t<\/div>\n<\/div><div class=\"fw-col-xs-12 fw-col-sm-6 form-builder-item\">\n\t<div class=\"field-text\">\n\t\t\t\t\t<label for=\"id-2\">Email\t\t\t\t<sup>*<\/sup>\t\t\t<\/label>\n\t\t\t\t<input type=\"text\" name=\"email_2c3b883\" placeholder=\"ihremail@mail.com\" value=\"\" id=\"id-2\" class=\"required\" >\n\t\t\t<\/div>\n<\/div><\/div><div class=\"fw-row\"><div class=\"fw-col-xs-12 fw-col-sm-3 form-builder-item\">\n\t<div class=\"field-text\">\n\t\t\t\t\t<label for=\"id-3\">Stra\u00dfe\t\t\t\t<sup>*<\/sup>\t\t\t<\/label>\n\t\t\t\t<input type=\"text\" name=\"text_5af3012\" placeholder=\"Hauptstra\u00dfe\" value=\"\" id=\"id-3\" class=\"required\" >\n\t\t\t<\/div>\n<\/div><div class=\"fw-col-xs-12 fw-col-sm-3 form-builder-item\">\n\t<div class=\"field-text\">\n\t\t\t\t\t<label for=\"id-4\">Hausnummer\t\t\t\t<sup>*<\/sup>\t\t\t<\/label>\n\t\t\t\t<input type=\"text\" name=\"text_96c15e6\" placeholder=\"1\" value=\"\" id=\"id-4\" class=\"required\" >\n\t\t\t<\/div>\n<\/div><div class=\"fw-col-xs-12 fw-col-sm-3 form-builder-item\">\n\t<div class=\"field-text\">\n\t\t\t\t\t<label for=\"id-5\">Postleitzahl\t\t\t\t<sup>*<\/sup>\t\t\t<\/label>\n\t\t\t\t<input type=\"text\" name=\"text_3d57144\" placeholder=\"6731\" value=\"\" id=\"id-5\" class=\"required\" >\n\t\t\t<\/div>\n<\/div><div class=\"fw-col-xs-12 fw-col-sm-3 form-builder-item\">\n\t<div class=\"field-text\">\n\t\t\t\t\t<label for=\"id-6\">Ort\t\t\t\t<sup>*<\/sup>\t\t\t<\/label>\n\t\t\t\t<input type=\"text\" name=\"text_1eec371\" placeholder=\"Sonntag\" value=\"\" id=\"id-6\" class=\"required\" >\n\t\t\t<\/div>\n<\/div><\/div><div class=\"fw-row\"><div class=\"fw-col-xs-12 fw-col-sm-3 form-builder-item\">\n\t<div class=\"field-text\">\n\t\t\t\t\t<label for=\"id-7\">Datum: Von \u2013 bis\t\t\t\t<sup>*<\/sup>\t\t\t<\/label>\n\t\t\t\t<input type=\"text\" name=\"text_01e4d40\" placeholder=\"TT.MM.JJJJ \u2013 TT.MM.JJJJ\" value=\"\" id=\"id-7\" class=\"required\" >\n\t\t\t<\/div>\n<\/div><div class=\"fw-col-xs-12 fw-col-sm-3 form-builder-item\">\n\t<div class=\"field-text\">\n\t\t\t\t\t<label for=\"id-8\">Anzahl Personen\t\t\t\t<sup>*<\/sup>\t\t\t<\/label>\n\t\t\t\t<input type=\"text\" name=\"text_0930e10\" placeholder=\"2 Erw. &amp; 2 Kinder\" value=\"\" id=\"id-8\" class=\"required\" >\n\t\t\t<\/div>\n<\/div>\t<div class=\"fw-col-xs-12 fw-col-sm-3 form-builder-item\">\n\t\t<div class=\"field-checkbox input-styled fw-item-side-by-side\">\n\t\t\t\t\t\t\t<label>Anfrage f\u00fcr:\t\t\t\t\t<sup>*<\/sup>\t\t\t\t<\/label>\n\t\t\t\t\t\t<div class=\"custom-checkbox\">\n\t\t\t\t\t\t\t\t\t\t\t\t\t\t<div class=\"options\">\n\t\t\t\t\t\t<input type=\"checkbox\" name=\"checkboxes_7c90d3e[]\" value=\"Zimmer\" id=\"rand-9\"  \/>\n\t\t\t\t\t\t<label for=\"rand-9\">Zimmer<\/label>\n\t\t\t\t\t<\/div>\n\t\t\t\t\t\t\t\t\t\t\t\t\t\t<div class=\"options\">\n\t\t\t\t\t\t<input type=\"checkbox\" name=\"checkboxes_7c90d3e[]\" value=\"Gaststube\" id=\"rand-10\"  \/>\n\t\t\t\t\t\t<label for=\"rand-10\">Gaststube<\/label>\n\t\t\t\t\t<\/div>\n\t\t\t\t\t\t\t<\/div>\n\t\t\t\t\t<\/div>\n\t<\/div>\n<div class=\"fw-col-xs-12 fw-col-sm-3 form-builder-item\">\n\t<div class=\"field-text\">\n\t\t\t\t\t<label for=\"id-11\">Telefonnummer\t\t\t\t<sup>*<\/sup>\t\t\t<\/label>\n\t\t\t\t<input type=\"text\" name=\"number_d3bbacb\" placeholder=\"0043\u2026 \" value=\"\" id=\"id-11\" class=\"required\" >\n\t\t\t<\/div>\n<\/div><\/div><div class=\"fw-row\"><div class=\"fw-col-xs-12 form-builder-item\">\n\t<div class=\"field-textarea\">\n\t\t\t\t\t<label for=\"id-12\">Nachricht, besondere Anmerkungen (Allergien)\t\t\t\t<sup>*<\/sup>\t\t\t<\/label>\n\t\t\t\t<textarea name=\"textarea_7db72f1\" placeholder=\"\u2026\" id=\"id-12\" class=\"required\" ><\/textarea>\n\t\t\t<\/div>\n<\/div><\/div><div class=\"fw-row\"><div class=\"fw-col-xs-12 fw-col-sm-6 form-builder-item\">\n\t<div class=\"field-recaptcha\">\n\t\t<label>www.partnom.at<\/label>\n\t\t<input type=\"hidden\" name=\"recaptcha_c74d05a\">\n\t\t<div class=\"form-builder-item-recaptcha\" ><\/div>\n\t<\/div>\n<\/div><\/div><div class=\"fw-row\">\n\t\t\t<div class=\"fw-col-sm-12 field-submit text-left\">\n\t\t\t<button type=\"submit\" class=\"fw-btn  fw-btn-md fw-btn-1\" style=\"\">\n\t\t\t\t<span>\n\t\t\t\t\t\t\t\t\t\t\tAnfrage absenden\t\t\t\t\t\t\t\t\t<\/span>\n\t\t\t<\/button>\n\t\t<\/div>\n\t<\/div><\/form>\t<\/div>\n<\/div>\t\t<\/div>\n\t<\/div>\n<\/div><div id=\"column-69def214d6e92\" class=\"fw-col-sm-2 tf-sh-23ef4703253e1be7ac6e157b7af12170\" >\n\t<div class=\"fw-wrap-col-inner clearfix  \"   >\n\t\t\t\t<div class=\"fw-col-inner\">\n\t\t\t\t\t<\/div>\n\t<\/div>\n<\/div><\/div>\n\n\t<\/div>\n\t<\/section><\/p>\n","protected":false},"excerpt":{"rendered":"<p>Radler Erkunden Sie mit dem Mountainbike die Region des Biosph\u00e4renparks Gro\u00dfes Walsertal auf zwei R\u00e4dern. Viele abwechslungsreiche, spannende und anspruchsvolle\u00a0Routen laden zum Genie\u00dfen der Bergwelt ein. &nbsp; MEHR DAR\u00dcBER Wanderlust Entdecken Sie die Vielfalt der Wanderlust von Partnom bis Rothenbrunnen. Ob geselliger Familienausflug, anspruchsvolle Gipfeltouren, idyllische Bergseen oder beeindruckende Panoramen. Hier ist f\u00fcr jeden etwas [&hellip;]<\/p>\n","protected":false},"author":1,"featured_media":0,"parent":0,"menu_order":0,"comment_status":"closed","ping_status":"closed","template":"visual-builder-template.php","meta":[],"_links":{"self":[{"href":"https:\/\/partnom.at\/index.php\/wp-json\/wp\/v2\/pages\/29"}],"collection":[{"href":"https:\/\/partnom.at\/index.php\/wp-json\/wp\/v2\/pages"}],"about":[{"href":"https:\/\/partnom.at\/index.php\/wp-json\/wp\/v2\/types\/page"}],"author":[{"embeddable":true,"href":"https:\/\/partnom.at\/index.php\/wp-json\/wp\/v2\/users\/1"}],"replies":[{"embeddable":true,"href":"https:\/\/partnom.at\/index.php\/wp-json\/wp\/v2\/comments?post=29"}],"version-history":[{"count":81,"href":"https:\/\/partnom.at\/index.php\/wp-json\/wp\/v2\/pages\/29\/revisions"}],"predecessor-version":[{"id":1126,"href":"https:\/\/partnom.at\/index.php\/wp-json\/wp\/v2\/pages\/29\/revisions\/1126"}],"wp:attachment":[{"href":"https:\/\/partnom.at\/index.php\/wp-json\/wp\/v2\/media?parent=29"}],"curies":[{"name":"wp","href":"https:\/\/api.w.org\/{rel}","templated":true}]}}