{"id":722,"date":"2018-07-25T13:52:42","date_gmt":"2018-07-25T13:52:42","guid":{"rendered":"https:\/\/partnom.at\/?page_id=722"},"modified":"2024-11-14T15:46:14","modified_gmt":"2024-11-14T15:46:14","slug":"datenschutz-impressum","status":"publish","type":"page","link":"https:\/\/partnom.at\/index.php\/datenschutz-impressum\/","title":{"rendered":"Datenschutz &#038; Impressum"},"content":{"rendered":"<h4>Impressum<\/h4>\n<p>Firmenname: Bitsche Holding GmbH, Alpen-Chalet Partnom<br \/>\nRechnungsanschrift: Lafun 42, 6712 Th\u00fcringen, \u00d6sterreich<\/p>\n<p>Telefon: +43 5554 20104 oder +43 680 1214590<br \/>\nFax: +43 5550 4940-18<br \/>\nEmail: office@bitsche.at<\/p>\n<p>Gesch\u00e4ftsf\u00fchrer: Elisabeth Bitsche<br \/>\nRegistergericht: Bezirksgericht Bludenz<br \/>\nZust\u00e4ndige Kammer: Wirtschaftskammer FK<\/p>\n<p>Bankverbindung: Raika Walgau\/Gro\u00dfwalsertal<br \/>\nIBAN AT493745800004316444, BIC RVVGAT2B458<br \/>\nFirrmenbuchnummer: FN 173655a<br \/>\nUID-Nr: ATU 62029307<\/p>\n<p>Inhaltlich Verantwortlicher gem\u00e4\u00df \u00a7 6 MDStV: Bitsche Holding GmbH<br \/>\nCorporate Design: Joel.Chrio Grafik- und Kommunikationsdesign<br \/>\nGestaltung und Umsetzung Website:\u00a0Joel.Chrio Grafik- und Kommunikationsdesign<br \/>\nTexte: Joel.Chrio Grafik- und Kommunikationsdesign &amp; Elisabeth Bitsche<br \/>\nFotos: Joel.Chrio Grafik- und Kommunikationsdesign<br \/>\nWebhosting durch: iPlace www.iplace.at<\/p>\n<p>Externe Links: Zu Ihrer optimalen Information finden Sie auf unseren Seiten Links, die auf Seiten Dritter verweisen. Soweit diese nicht offensichtlich erkennbar sind, weisen wir Sie darauf hin, dass es sich um einen externen Link handelt. Wir haben keinerlei Einfluss auf den Inhalt und die Gestaltung dieser Seiten anderer Anbieter. Die Garantien dieser Datenschutzerkl\u00e4rung gelten daher selbstverst\u00e4ndlich dort nicht.<\/p>\n<p>&nbsp;<\/p>\n<p><b>Verantwortlich F\u00fcr Den Inhalt:<\/b><\/p>\n<p>&nbsp;<\/p>\n<p>Joel.Chrio Grafik- Und Kommunikationsdesign<\/p>\n<p>Christoph Joel Hieber<\/p>\n<p>Staatl. Gepr\u00fcf. Grafik-Designer, B.A. Kommunikationsdesign<\/p>\n<p>Austra\u00dfe 14<\/p>\n<p>78467 Konstanz<\/p>\n<p>t. +49 (0) 7531 922 00 29<br \/>\nm. +49 (0) 160 532 08 14<\/p>\n<p>Joel.hieber@Chrio.de<\/p>\n<p>&nbsp;<\/p>\n<p><strong>Urheberrechtliches<\/p>\n<p><\/strong>Der Gesamte Inhalt Der Website (Texte, Bilder, Grafiken) Unterliegt dem Urheberrecht Und anderen Gesetzen zum Schutze geistigen Eigentums. Es gilt Ausdr\u00fccklich die \u00d6sterreichische Gesetzgebung zu Urheberpers\u00f6nlichkeitsrecht und Verwertungsrecht.<\/p>\n<p>&nbsp;<\/p>\n<p><b>Haftungsausschluss:<\/b><\/p>\n<p>&nbsp;<\/p>\n<p>Anwendungsbedingungen Und Rechtliche Informationen:<\/p>\n<p>Bitte Lesen Sie Diese Bedingungen Genau Durch. Mit Dem Zugriff Auf Diese Website Und Ihre Seiten Erkl\u00e4ren Sie, Dass Sie Die Folgenden Anwendungsbedingungen Und Rechtlichen Informationen Im Zusammenhang Mit Dieser Website (Und Den Darin Enthaltenen Elementen) Verstanden Haben Und Anerkennen. Wenn Sie Mit Den Nachfolgenden Bedingungen Nicht Einverstanden Sind, Unterlassen Sie Den Zugriff Auf Diese Website Und Ihre Seiten (Nachfolgend \u201cSite\u201d Genannt).<\/p>\n<p><b>Copyright:<br \/>\n<\/b><\/p>\n<p>&nbsp;<\/p>\n<p>S\u00e4mtliche Elemente Auf Dieser Site Geh\u00f6ren Ausschliesslich Und Umfassend dem &#8222;Alpen-Chalet Partnom&#8220; (Insbesondere Urheber- Und Andere Rechte), Sofern Nichts Anderes Erw\u00e4hnt Ist. Die Elemente Sind Nur F\u00fcr Browsingzwecke Frei Benutzbar; Falls Elemente Ganz Oder Teilweise In Irgendeiner Form \u2013 Elektronisch Oder Schriftlich \u2013 Reproduziert Werden, Ist Die Ausdr\u00fcckliche Nennung vom &#8222;Alpen-Chalet Partnom\u201d Erforderlich. Ausserdem Muss F\u00fcr Die Wiederver\u00f6ffentlichung Jeglicher Elemente Die Zustimmung vom &#8222;Alpen-Chalet Partnom&#8220;\u00a0Eingeholt Werden.<\/p>\n<p>&nbsp;<\/p>\n<p><b>Eigentum Der Website Und Markenrecht:<\/b><\/p>\n<p>Kein Bestandteil Der Seite Ist So Konzipiert, Dass Dadurch Eine Lizenz Oder Ein Recht Zur Nutzung Eines Bildes, Einer Eingetragenen Marke Oder Eines Logos Einger\u00e4umt Wird. Durch Ein Herunterladen Oder Ein Kopieren Der Seite Werden Ihnen Keinerlei Rechte Im Hinblick Auf Die Software Oder Elemente Auf Der Seite \u00dcbertragen. &#8222;Alpen-Chalet Partnom&#8220;\u00a0Beh\u00e4lt Sich S\u00e4mtliche Rechte (Insbesondere Urheber- Und Markenrechte) Hinsichtlich Aller Element Auf Der Site Vor Und Werden S\u00e4mtliche M\u00f6glichkeiten Zur Durchsetzung Dieser Rechte Vollumf\u00e4nglich Wahrnehmen.<\/p>\n<p><b>Haftungsausschluss:<\/b><\/p>\n<p>&nbsp;<\/p>\n<p>Jegliche Haftung Von \u201cAlpen-Chalet Partnom\u201d (Einschliesslich Grobe Fahrl\u00e4ssigkeit Und Vorsatz) F\u00fcr Sch\u00e4den Oder Folgesch\u00e4den, Die Sich Aus Dem Zugriff Auf Die Elemente Der Site Oder Deren Benutzung (Bzw. Aus Der Unm\u00f6glichkeit Des Zugriffs Oder Der Benutzung) Ergeben, Ist Ausgeschlossen. Weiterhin Kann \u201cAlpen-Chalet Partnom\u201d Keine Gew\u00e4hr Oder Haftung Sowohl F\u00fcr Die Exaktheit Als Auch Die Vollst\u00e4ndigkeit Der Bereitgestellten Inhalte \u00dcbernehmen, Insbesondere Nicht F\u00fcr Die Aus Der Verwendung Durch Den Benutzer Resultierenden Ergebnisse.<\/p>\n<p>Alle Inhalte Der Site Wurden Nach Bestem Wissen Und Gewissen Erstellt.<\/p>\n<p>&nbsp;<\/p>\n<p><b>Links Zu Anderen Websites:<\/b><\/p>\n<p>\u201cAlpen-Chalet Partnom\u201d Kann Die Mit Der Site \u201cVerlinkten\u201d Websites Nicht Kontinuierlich \u00dcberpr\u00fcfen Und Sind Nicht Verantwortlich F\u00fcr Den Inhalt Dieser Off-Site-Seiten Oder Anderer Websites, Die Mit Der Site Verlinkt Sind. Daher Distanzieren Sich \u201cAlpen-Chalet Partnom\u201d Vom Inhalt Dieser Seiten. Das Herstellen Von Verbindungen Zu Off-Site-Seiten Oder Anderen Websites Erfolgt Auf Eigenes Risiko.\u00a0Eine Ver\u00e4nderung Der Web-Daten Auf Dem Web-Server Durch Dritte Ist Untersagt Und Wird Rechtlich Verfolgt.\u00a0Wir Gehen Davon Aus, Da\u00df Der Standort Des Webservers Sich In Deutschland Befindet.\u00a0Die Auf Dem Server Bereitgestellten Daten Wurden Auf Virenfreiheit \u00dcberpr\u00fcft, Trotzdem Kann \u201cAlpen-Chalet Partnom\u201d Keine Haftung Und Gew\u00e4hr F\u00fcr Virenfreiheit \u00dcbernehmen. Dem Benutzer Obliegt Es S\u00e4mtliche M\u00f6glichkeiten Zu Nutzen, St\u00f6rungen Und Sch\u00e4den Vorzubeugen Und Entsprechenden Vorsichtsma\u00dfnahmen Zu Ergreifen. Aufgrund Dessen Wird Keine Haftung F\u00fcr St\u00f6rungen Oder Sch\u00e4den Jeglicher Art, Die Aus Dem Gebrauch Der Site Entstehen, Insbesondere Daten- Oder Programmverlust In EDV- Oder Anderweitigen Systemen, \u00dcbernommen.\u00a0Entsprechen Teile Dieser Rechtlichen Hinweise Nicht, Nicht Mehr Oder Nicht Vollst\u00e4ndig Der Geltenden Rechtslage, Ber\u00fchrt Dies Die \u00dcbrigen Teile Nicht In Ihrem Inhalt Und In Ihrer G\u00fcltigkeit.<\/p>\n<p>&nbsp;<\/p>\n<p>Verantwortlich F\u00fcr Den Inhalt Nach \u00a7 55 Abs. 2 RStV:<\/p>\n<p>&nbsp;<\/p>\n<p>Christoph Joel Hieber<\/p>\n<p>Staatl. Gepr\u00fcf. Grafik-Designer, B.A. Kommunikationsdesign<\/p>\n<p>Joel.Chrio Grafik-Design<\/p>\n<p>Austra\u00dfe 14<\/p>\n<p>78467 Konstanz<\/p>\n<p>&nbsp;<\/p>\n<p>Bildnachweis<\/p>\n<p>&nbsp;<\/p>\n<p>Fotografen:<\/p>\n<p>&nbsp;<\/p>\n<p>Joel.Chrio<\/p>\n<p>&nbsp;<\/p>\n<p>Joel.Chrio Grafik- Und Kommunikationsdesign<\/p>\n<p>Januar 2024<\/p>\n<p>&nbsp;<\/p>\n<h4>Datenschutz<\/h4>\n<p><b>Datenschutzerkl\u00e4rung<\/b><\/p>\n<p>&nbsp;<\/p>\n<p>Die Betreiber Dieser Seiten Nehmen Den Schutz Ihrer Pers\u00f6nlichen Daten Sehr Ernst. Wir Behandeln Ihre Personenbezogenen Daten Vertraulich Und Entsprechend Der Gesetzlichen Datenschutzvorschriften Sowie Dieser Datenschutzerkl\u00e4rung. Die Nutzung Unserer Website Ist In Der Regel Ohne Angabe Personenbezogener Daten M\u00f6glich. Soweit Auf Unseren Seiten Personenbezogene Daten (Beispielsweise Name, Anschrift Oder E-Mail-Adressen) Erhoben Werden, Erfolgt Dies, Soweit M\u00f6glich, Stets Auf Freiwilliger Basis. Diese Daten Werden Ohne Ihre Ausdr\u00fcckliche Zustimmung Nicht An Dritte Weitergegeben.<\/p>\n<p>Wir Weisen Darauf Hin, Dass Die Daten\u00fcbertragung Im Internet (Z.B. Bei Der Kommunikation Per E-Mail) Sicherheitsl\u00fccken Aufweisen Kann. Ein L\u00fcckenloser Schutz Der Daten Vor Dem Zugriff Durch Dritte Ist Nicht M\u00f6glich.<\/p>\n<p>&nbsp;<\/p>\n<p><b>1 Erhebung Und Verwendung Ihrer Daten:<\/b><\/p>\n<p>&nbsp;<\/p>\n<p>Alle Personenbezogenen Daten, Die Wir Von Ihnen Erheben, Werden Wir Nur Zu Dem Angegebenen Zweck Erheben, Verarbeiten Und Nutzen. Dabei Beachten Wir, Dass Dies Nur Im Rahmen Der Jeweils Geltenden Rechtsvorschriften Bzw. Ansonsten Nur Mit Ihrer Einwilligung Geschieht. Nach Der EU-Datenschutzgrundverordnung Haben Sie Jederzeit Ein Recht Auf Unentgeltliche Auskunft \u00dcber Ihre Gespeicherten Daten Sowie Ggf. Ein Recht Auf Berichtigung, Sperrung Oder L\u00f6schung Dieser Daten.<\/p>\n<p>&nbsp;<\/p>\n<p>Sie K\u00f6nnen Gem\u00e4\u00df Art. 21 DSGVO In Den Dort Genannten F\u00e4llen Widerspruch Gegen Die Verarbeitung Ihrer Daten Erheben. Bitte Wenden Sie Sich An office@partnom.at Oder Senden Sie Uns Ihr Verlangen Per Post. Sie Haben Das Recht Zur Beschwerde Bei Der Zust\u00e4ndigen Aufsichtsbeh\u00f6rde F\u00fcr Den Datenschutz:<\/p>\n<p>&nbsp;<\/p>\n<p>Die Datenschutzbeh\u00f6rde ist unter der folgenden Adresse erreichbar:<\/p>\n<p>An die<\/p>\n<p id=\"yui_patched_v3_11_0_1_1515380961109_780\">\u00d6sterreichische Datenschutzbeh\u00f6rde<br \/>\nWickenburggasse 8<br \/>\n1080 Wien<\/p>\n<p>Telefon: +43 1 52 152-0<\/p>\n<p>E-Mail: <a href=\"mailto:dsb@dsb.gv.at\">dsb@dsb.gv.at<\/a><\/p>\n<p>https:\/\/www.dsb.gv.at<\/p>\n<p>&nbsp;<\/p>\n<p>Umfang Und Art Der Erhebung Und Verwendung Ihrer Daten Unterscheidet Sich Danach, Ob Sie Unseren Internetauftritt Nur Zum Abruf Von Informationen Besuchen Oder Von Uns Angebotene Leistungen In Anspruch Nehmen:<\/p>\n<p>&nbsp;<\/p>\n<p>A) Internetnutzung<\/p>\n<p>&nbsp;<\/p>\n<p>F\u00fcr Die Nur Informatorische Nutzung Unseres Internetauftritts Ist Es Grunds\u00e4tzlich Nicht Erforderlich, Dass Sie Personenbezogene Daten Angeben.<\/p>\n<p>&nbsp;<\/p>\n<p>Vielmehr Erheben Und Verwenden Wir In Diesem Fall Nur Diejenigen Ihrer Daten, Die Uns Ihr Internetbrowser Automatisch \u00dcbermittelt, Wie Etwa:<\/p>\n<p>\u2022 Datum Und Uhrzeit Des Abrufs Einer Unserer \u00a0 \u00a0Internetseiten<\/p>\n<p>\u2022 Ihren Browsertyp<\/p>\n<p>\u2022 Die Browser-Einstellungen<\/p>\n<p>\u2022 Das Verwendete Betriebssystem<\/p>\n<p>\u2022 Die Von Ihnen Zuletzt Besuchte Seite<\/p>\n<p>\u2022 Die \u00dcbertragene Datenmenge Und Der Zugriffsstatus (Datei \u00dcbertragen, Datei Nicht Gefunden Etc.) Sowie<\/p>\n<p>\u2022 Ihre IP-Adresse.<\/p>\n<p>&nbsp;<\/p>\n<p>Diese Daten Erheben Und Verwenden Wir Bei Einem Informatorischen Besuch Ausschlie\u00dflich In Nicht-Personenbezogener Form. Dies Erfolgt, Um Die Nutzung Der Von Ihnen Abgerufenen Internetseiten \u00dcberhaupt Zu Erm\u00f6glichen, Zu Statistischen Zwecken Sowie Zur Verbesserung Unseres Internetangebots. Die IP-Adresse Speichern Wir Nur F\u00fcr Die Dauer Ihres Besuchs, Eine Personenbezogene Auswertung Findet Nicht Statt. Eine Zusammenf\u00fchrung Dieser Daten Mit Anderen Datenquellen Wird Nicht Vorgenommen, Die Daten Werden Zudem Nach Einer Statistischen Auswertung Gel\u00f6scht. Dies Ist Nach Der Entscheidung Des Europ\u00e4ischen Gerichtshofs Vom 19.10.2016 (Az.: C 582\/14) Auch In Anbetracht Des Telemediengesetzes Zul\u00e4ssig.<\/p>\n<p>B) Nutzung Von Angeboten Bzw. Datenverwendung Zur Aufgabenerf\u00fcllung.<\/p>\n<p>&nbsp;<\/p>\n<p>Soweit Sie Von Uns Angebotene Leistungen In Anspruch Nehmen Wollen, Ist Es M\u00f6glicherweise N\u00f6tig, Dass Sie Dazu Weitere Daten Angeben. Es Handelt Sich Um Diejenigen Daten, Die Zur Jeweiligen Abwicklung Erforderlich Sind. Weitere Angaben K\u00f6nnen Sie Ggf. Freiwillig T\u00e4tigen; Sie Sind Von Uns Entsprechend Als Optional Markiert.\u00a0Die Erhebung Oder Verwendung Ihrer Daten Erfolgt Zu Dem Zweck, Die Von Ihnen Gew\u00fcnschte Notwendige Leistung Zu Erbringen. Ihre Daten Werden Zu Vorgenanntem Zweck Ggf. An Uns Unterst\u00fctzende Dienstleister Weitergegeben, Die Wir Selbstverst\u00e4ndlich Sorgf\u00e4ltig Ausgew\u00e4hlt Und Zur Einhaltung Des Datenschutzrechts Verpflichtet Haben. Dabei Kann Es Sich Insbesondere Um Technische Dienstleister Oder Versanddienstleister (Lettershop Etc.) Handeln. Die Weitergabe Ihrer Daten An Andere Dritte Erfolgt Ansonsten Nur, Wenn Dies Gesetzlich Erlaubt Ist Oder Wir Ihre Explizite Einwilligung Daf\u00fcr Erhalten Haben.<\/p>\n<p>&nbsp;<\/p>\n<p><b>2 Widerrufs- Und Widerspruchsrecht:<\/b><\/p>\n<p>Wir Weisen Sie Darauf Hin, Dass Sie Eine Uns Ggf. Erteilte Datenschutzrechtliche Einwilligung Jederzeit Mit Wirkung F\u00fcr Die Zukunft Widerrufen K\u00f6nnen. Soweit Gesetzliche Anforderungen Zur Erhebung Von Daten Bestehen (Z.B. Architektenliste), Besteht Kein Widerrufsrecht.<\/p>\n<p><b>3 Datensicherheit:<\/b><\/p>\n<p>Wir Setzen Zudem Technische Und Organisatorische Sicherheitsma\u00dfnahmen Ein, Um Anfallende Oder Erhobene Personenbezogene Daten Zu Sch\u00fctzen, Insb. Gegen Zuf\u00e4llige Oder Vors\u00e4tzliche Manipulation, Verlust, Zerst\u00f6rung Oder Gegen Den Angriff Unberechtigter Personen. Unsere Sicherheitsma\u00dfnahmen Werden Entsprechend Der Technologischen Entwicklung Fortlaufend Verbessert.<\/p>\n<p><b>4 L\u00f6schfristen:<\/b><\/p>\n<p>Wir Speichern Personenbezogene Daten Jeweils Nur So Lange, Bis Der Zweck Der Datenspeicherung Entf\u00e4llt, So Lange Keine Gesetzlichen Aufbewahrungsfristen Oder Verj\u00e4hrungsfristen Von M\u00f6glicherweise Der Rechtsverfolgung Dienlichen Daten Der L\u00f6schung Entgegenstehen (In Diesem Fall Wird Die Verarbeitung Der Daten Nach Art. 18 DSGVO Eingeschr\u00e4nkt).<\/p>\n<p>&nbsp;<\/p>\n<p><b>5 Facebook-Plugins (Like-Button):<\/b><\/p>\n<p>&nbsp;<\/p>\n<p>Auf Unseren Seiten Sind Plugins Des Sozialen Netzwerks Facebook,\u00a0Anbieter Facebook Inc., 1 Hacker Way, Menlo Park, California 94025, USA, Integriert. Die Facebook-Plugins Erkennen Sie An Dem Facebook-Logo Oder Dem \u201cLike-Button\u201d (\u201cGef\u00e4llt Mir\u201d) Auf Unserer Seite. Eine \u00dcbersicht \u00dcber Die Facebook-Plugins Finden Sie Hier: Https:\/\/Developers.facebook.com\/Docs\/Plugins\/. Wenn Sie Unsere Seiten\u00a0Besuchen, Wird \u00dcber Das Plugin Eine Direkte Verbindung Zwischen Ihrem Browser Und Dem Facebook-Server Hergestellt. Facebook Erh\u00e4lt Dadurch Die Information, Dass Sie Mit Ihrer IPAdresse Unsere Seite Besucht Haben. Wenn Sie Den Facebook \u201cLike-Button\u201d Anklicken W\u00e4hrend Sie\u00a0In Ihrem Facebook-Account Eingeloggt Sind, K\u00f6nnen Sie Die Inhalte Unserer Seiten Auf Ihrem Facebook-Profil Verlinken. Dadurch Kann Facebook Den Besuch Unserer Seiten Ihrem Benutzerkonto Zuordnen. Wir Weisen Darauf Hin, Dass Wir Als Anbieter Der Seiten Keine Kenntnis Vom Inhalt Der \u00dcbermittelten Daten Sowie Deren Nutzung Durch Facebook Erhalten. Weitere Informationen Hierzu Finden Sie In Der Datenschutzerkl\u00e4rung Von Facebook Unter <a href=\"https:\/\/dede.%3Cbr%20\/%3E%0Afacebook.com\/policy.php\">Https:\/\/De-De.facebook.com\/Policy.php<\/a>.<\/p>\n<p>Wenn Sie Nicht W\u00fcnschen, Dass Facebook Den Besuch Unserer Seiten Ihrem Facebook-Nutzerkonto Zuordnen Kann, Loggen Sie Sich Bitte Aus Ihrem Facebook-Benutzerkonto Aus.<\/p>\n<p>&nbsp;<\/p>\n<p><b>6 Google+:<\/b><\/p>\n<p>&nbsp;<\/p>\n<p>Unsere Seiten Nutzen Funktionen Von Google+. Anbieter Ist Die Google Inc., 1600 Amphitheatre Parkway Mountain View, CA 94043, USA.<\/p>\n<p>Erfassung Und Weitergabe Von Informationen: Mithilfe Der Google+-Schaltfl\u00e4che K\u00f6nnen Sie Informationen Weltweit Ver\u00f6ffentlichen. \u00dcber Die Google+-Schaltfl\u00e4che Erhalten Sie Und Andere Nutzer Personalisierte Inhalte Von Google Und Unseren Partnern. Google Speichert Sowohl Die Information, Dass Sie F\u00fcr Einen Inhalt +1 Gegeben Haben, Als Auch Informationen \u00dcber Die Seite, Die Sie Beim Klicken Auf +1 Angesehen Haben. Ihre +1 K\u00f6nnen Als Hinweise Zusammen Mit Ihrem Profilnamen\u00a0Und Ihrem Foto In Google-Diensten, Wie Etwa In Suchergebnissen Oder In Ihrem Google-Profil, Oder An Anderen Stellen Auf Websites Und Anzeigen Im Internet Eingeblendet Werden. Google Zeichnet Informationen \u00dcber Ihre +1-Aktivit\u00e4ten Auf, Um Die Google-Dienste F\u00fcr Sie Und Andere Zuverbessern. Um Die Google+-Schaltfl\u00e4che Verwenden Zu K\u00f6nnen, Ben\u00f6tigen Sie Ein Weltweit Sichtbares, \u00d6ffentliches Google-Profil, Das Zumindest Den F\u00fcr Das Profil Gew\u00e4hlten Namen Enthalten Muss. Dieser Name Wird In Allen Google-Diensten Verwendet. In Manchen F\u00e4llen Kann Dieser Name Auch Einen Anderen Namen Ersetzen, Den Sie Beim Teilen Von Inhalten \u00dcber Ihr Google-Konto Verwendet Haben. Die Identit\u00e4t Ihres Google-Profils Kann Nutzern Angezeigt Werden, Die Ihre E-Mail-Adresse Kennen Oder \u00dcber Andere Identifizierende Informationen Von Ihnen Verf\u00fcgen. Verwendung Der Erfassten Informationen: Neben Den\u00a0Oben Erl\u00e4uterten Verwendungszwecken Werden Die Von Ihnen Bereitgestellten Informationen Gem\u00e4\u00df Den Geltenden Google-Datenschutzbestimmungen Genutzt. Google Ver\u00f6ffentlicht M\u00f6glicherweise Zusammengefasste Statistiken \u00dcber Die +1-Aktivit\u00e4ten Der Nutzer Bzw. Gibt Diese An Nutzer Und Partner Weiter, Wie Etwa Publisher, Inserenten Oder Verbundene Websites.<\/p>\n<p>&nbsp;<\/p>\n<p><b>7 Widerspruch Werbe-Mails:<\/b><\/p>\n<p>&nbsp;<\/p>\n<p>&nbsp;<\/p>\n<p>Der Nutzung Von Im Rahmen Der Impressumspflicht Ver\u00f6ffentlichten Kontaktdaten Zur \u00dcbersendung Von Nicht Ausdr\u00fccklich Angeforderter Werbung Und Informationsmaterialien Wird Hiermit Widersprochen. Die Betreiber Der Seiten Behalten Sich Ausdr\u00fccklich Rechtliche Schritte Im Falle Der Unverlangten Zusendung Von Werbeinformationen, Etwa Durch Spam-E-Mails, Vor.<\/p>\n","protected":false},"excerpt":{"rendered":"<p>Impressum Firmenname: Bitsche Holding GmbH, Alpen-Chalet Partnom Rechnungsanschrift: Lafun 42, 6712 Th\u00fcringen, \u00d6sterreich Telefon: +43 5554 20104 oder +43 680 1214590 Fax: +43 5550 4940-18 Email: office@bitsche.at Gesch\u00e4ftsf\u00fchrer: Elisabeth Bitsche Registergericht: Bezirksgericht Bludenz Zust\u00e4ndige Kammer: Wirtschaftskammer FK Bankverbindung: Raika Walgau\/Gro\u00dfwalsertal IBAN AT493745800004316444, BIC RVVGAT2B458 Firrmenbuchnummer: FN 173655a UID-Nr: ATU 62029307 Inhaltlich Verantwortlicher gem\u00e4\u00df \u00a7 6 [&hellip;]<\/p>\n","protected":false},"author":1,"featured_media":0,"parent":0,"menu_order":0,"comment_status":"closed","ping_status":"closed","template":"","meta":[],"_links":{"self":[{"href":"https:\/\/partnom.at\/index.php\/wp-json\/wp\/v2\/pages\/722"}],"collection":[{"href":"https:\/\/partnom.at\/index.php\/wp-json\/wp\/v2\/pages"}],"about":[{"href":"https:\/\/partnom.at\/index.php\/wp-json\/wp\/v2\/types\/page"}],"author":[{"embeddable":true,"href":"https:\/\/partnom.at\/index.php\/wp-json\/wp\/v2\/users\/1"}],"replies":[{"embeddable":true,"href":"https:\/\/partnom.at\/index.php\/wp-json\/wp\/v2\/comments?post=722"}],"version-history":[{"count":9,"href":"https:\/\/partnom.at\/index.php\/wp-json\/wp\/v2\/pages\/722\/revisions"}],"predecessor-version":[{"id":1116,"href":"https:\/\/partnom.at\/index.php\/wp-json\/wp\/v2\/pages\/722\/revisions\/1116"}],"wp:attachment":[{"href":"https:\/\/partnom.at\/index.php\/wp-json\/wp\/v2\/media?parent=722"}],"curies":[{"name":"wp","href":"https:\/\/api.w.org\/{rel}","templated":true}]}}