{"id":802,"date":"2018-10-12T13:07:48","date_gmt":"2018-10-12T13:07:48","guid":{"rendered":"https:\/\/partnom.at\/?page_id=802"},"modified":"2018-10-12T18:53:20","modified_gmt":"2018-10-12T18:53:20","slug":"radler","status":"publish","type":"page","link":"https:\/\/partnom.at\/index.php\/radler\/","title":{"rendered":"Radler"},"content":{"rendered":"<p><section   class=\"fw-main-row  auto  fw-section-position-back\"    >\n\t\t\t<div class=\"fw-container\" >\n\t\t<div class=\"fw-row\">\n\t<div id=\"column-69d8d9e2307d5\" class=\"fw-col-sm-12 tf-sh-57c80d43c9e6a918fce91e67a6165a63\" >\n\t<div class=\"fw-wrap-col-inner clearfix  \"   >\n\t\t\t\t<div class=\"fw-col-inner\">\n\t\t\t\t\t<\/div>\n\t<\/div>\n<\/div><\/div>\n\n<div class=\"fw-row\">\n\t<div id=\"column-69d8d9e2326ef\" class=\"fw-col-sm-4 tf-sh-c9cf6a6be9361080ed2f6511fe61f1cb  fw-animated-element\" data-animation-type=\"fadeInUp\" data-animation-delay=\"200\">\n\t<div class=\"fw-wrap-col-inner clearfix  \"   >\n\t\t\t\t<div class=\"fw-col-inner\">\n\t\t\t<div class=\"fw-text-box tf-sh-650b97c31f6a3889f718c88a6ea880d0  fw-animated-element\"  data-animation-type=\"fadeInUp\" data-animation-delay=\"200\">\n\t<div class=\"fw-text-inner\">\n\t\t<h4>Radler<\/h4>\n<p>Erkunden Sie mit dem Mountainbike die Region des Biosph\u00e4renparks Gro\u00dfes Walsertal auf zwei R\u00e4dern. Viele abwechslungsreiche, spannende und anspruchsvolle\u00a0Routen laden zum Genie\u00dfen der Bergwelt ein.<\/p>\n<p>&nbsp;<\/p>\n\t<\/div>\n<\/div>\t<a href=\"https:\/\/www.vorarlberg-alpenregion.at\/de\/bludenz\/radfahren-und-mountainbiken-in-und-um-die-alpenstadt-bludenz.html\" target=\"_blank\" class=\"fw-btn tf-sh-6ab71bba2bda0668dc47d80d04f5eee8  fw-btn-md   fw-btn-side-by-side fw-btn-2\"  rel=\"nofollow\" style=\"\">\n\t\t<span >\n\t\t\tTOUREN ENTDECKEN\t\t<\/span>\n\t<\/a>\n\t\t<\/div>\n\t<\/div>\n<\/div><div id=\"column-69d8d9e234bc5\" class=\"fw-col-sm-8 tf-sh-1b11d3c42e95894737516e9cc5653fb6  fw-animated-element\" data-animation-type=\"fadeInUp\" data-animation-delay=\"200\">\n\t<div class=\"fw-wrap-col-inner clearfix  \"   >\n\t\t\t\t<div class=\"fw-col-inner\">\n\t\t\t\n\t\n\t\t<div class=\"fw-block-image-parent  \"  style=\"width: 100%; \">\n\t\t\t<span class=\"fw-block-image-child fw-ratio-3-2 fw-ratio-container\">\n\t\t\t\t<noscript itemscope itemtype=\"https:\/\/schema.org\/ImageObject\" itemprop=\"image\"><img src=\"https:\/\/partnom.at\/wp-content\/uploads\/2018\/07\/IMG_5926.jpg\"  alt=\"Bergwelt\" data-maxdpr=\"1.7\" class=\"lazyload\" \/><meta itemprop=\"url\" content=\"https:\/\/partnom.at\/wp-content\/uploads\/2018\/07\/IMG_5926.jpg\"><meta itemprop=\"width\" content=\"5472\"><meta itemprop=\"height\" content=\"3648\"><\/noscript><img src=\"data:image\/gif;base64,R0lGODlhAQABAIAAAAAAAP\/\/\/yH5BAEAAAAALAAAAAABAAEAAAIBRAA7\" data-sizes=\"auto\" data-srcset=\"https:\/\/partnom.at\/wp-content\/uploads\/2018\/07\/IMG_5926-300x200.jpg 300w, https:\/\/partnom.at\/wp-content\/uploads\/2018\/07\/IMG_5926-768x512.jpg 768w, https:\/\/partnom.at\/wp-content\/uploads\/2018\/07\/IMG_5926-1024x683.jpg 1024w, https:\/\/partnom.at\/wp-content\/uploads\/2018\/07\/IMG_5926-600x400.jpg 600w, https:\/\/partnom.at\/wp-content\/uploads\/2018\/07\/IMG_5926-1200x800.jpg 1200w, https:\/\/partnom.at\/wp-content\/uploads\/2018\/07\/IMG_5926.jpg 5472w\"   alt=\"Bergwelt\" data-maxdpr=\"1.7\" class=\"lazyload\" \/>\t\t\t\t\t\t\t<\/span>\n\t\t<\/div>\n\n\t\n\t\t<\/div>\n\t<\/div>\n<\/div><\/div>\n\n<div class=\"fw-row\">\n\t<div id=\"column-69d8d9e237dac\" class=\"fw-col-sm-4 tf-sh-4b8f2ef85048c65b5edde94664e23753  fw-animated-element\" data-animation-type=\"fadeInUp\" data-animation-delay=\"200\">\n\t<div class=\"fw-wrap-col-inner clearfix  \"   >\n\t\t\t\t<div class=\"fw-col-inner\">\n\t\t\t\n\t\n\t\t<div class=\"fw-block-image-parent  fw-animated-element \"  data-animation-type=\"fadeInUp\" data-animation-delay=\"200\" style=\"width: 100%; \">\n\t\t\t<span class=\"fw-block-image-child fw-ratio-3-2 fw-ratio-container\">\n\t\t\t\t<noscript itemscope itemtype=\"https:\/\/schema.org\/ImageObject\" itemprop=\"image\"><img src=\"https:\/\/partnom.at\/wp-content\/uploads\/2018\/07\/IMG_5896-1.jpg\"  alt=\"Bergwelt\" data-maxdpr=\"1.7\" class=\"lazyload\" \/><meta itemprop=\"url\" content=\"https:\/\/partnom.at\/wp-content\/uploads\/2018\/07\/IMG_5896-1.jpg\"><meta itemprop=\"width\" content=\"4588\"><meta itemprop=\"height\" content=\"3059\"><\/noscript><img src=\"data:image\/gif;base64,R0lGODlhAQABAIAAAAAAAP\/\/\/yH5BAEAAAAALAAAAAABAAEAAAIBRAA7\" data-sizes=\"auto\" data-srcset=\"https:\/\/partnom.at\/wp-content\/uploads\/2018\/07\/IMG_5896-1-300x200.jpg 300w, https:\/\/partnom.at\/wp-content\/uploads\/2018\/07\/IMG_5896-1-768x512.jpg 768w, https:\/\/partnom.at\/wp-content\/uploads\/2018\/07\/IMG_5896-1-1024x683.jpg 1024w, https:\/\/partnom.at\/wp-content\/uploads\/2018\/07\/IMG_5896-1-600x400.jpg 600w, https:\/\/partnom.at\/wp-content\/uploads\/2018\/07\/IMG_5896-1-1200x800.jpg 1200w, https:\/\/partnom.at\/wp-content\/uploads\/2018\/07\/IMG_5896-1.jpg 4588w\"   alt=\"Bergwelt\" data-maxdpr=\"1.7\" class=\"lazyload\" \/>\t\t\t\t\t\t\t<\/span>\n\t\t<\/div>\n\n\t\n\t\t<\/div>\n\t<\/div>\n<\/div><div id=\"column-69d8d9e239172\" class=\"fw-col-sm-8 tf-sh-d56ac22683397f9e2fdc4c1b31a3fc0c  fw-animated-element\" data-animation-type=\"fadeInUp\" data-animation-delay=\"200\">\n\t<div class=\"fw-wrap-col-inner clearfix  \"   >\n\t\t\t\t<div class=\"fw-col-inner\">\n\t\t\t<div class=\"fw-text-box tf-sh-35f25c5592889fe598d472b9ccc9077b  fw-animated-element\"  data-animation-type=\"fadeInUp\" data-animation-delay=\"200\">\n\t<div class=\"fw-text-inner\">\n\t\t<h4>Variantenreiche Berglandschaft<\/h4>\n<p>Mehrere hundert Kilometer offizielle Mountainbikerouten verschiedenster Schwierigkeitsgrade und H\u00f6henlagen laden ein, die Naturlandschaft im Biosph\u00e4renpark auf zwei R\u00e4dern zu entdecken.<\/p>\n<p>&nbsp;<\/p>\n\t<\/div>\n<\/div>\t\t<\/div>\n\t<\/div>\n<\/div><\/div>\n\n\t<\/div>\n\t<\/section><section   class=\"fw-main-row-custom  fw-section-height-custom  fw-section-position-back tf-sh-fc77264d376df6728ce8d6d9ea18dfb1\"  style=\" height: 50px;\"  >\n\t\t\t<div class=\"fw-container\" >\n\t\t\t<\/div>\n\t<\/section><section   class=\"fw-main-row  auto  fw-section-position-back\"    >\n\t\t\t<div class=\"fw-container\" >\n\t\t<div class=\"fw-row\">\n\t<div id=\"column-69d8d9e23b2f9\" class=\"fw-col-sm-12 tf-sh-f4eb59ef6cb20d37513e846bc6f8c03b\" >\n\t<div class=\"fw-wrap-col-inner clearfix  \"   >\n\t\t\t\t<div class=\"fw-col-inner\">\n\t\t\t<div class=\"fw-gallery clearfix tf-sh-9a5521151d648e1a7dd3893280820298 fw-gallery-type3 \" >\n\t<div class=\"fw-gallery-col fw-col-width1\"><div class=\"fw-gallery-col fw-inner-col-width1\">\n\t\t\t\t<div class=\"fw-gallery-image fw-height-sm fw-block-image-parent fw-overlay-5  overlay_color_2\" >\n\t\t\t\t\t<a href=\"https:\/\/partnom.at\/wp-content\/uploads\/2018\/07\/IMG_6129.jpg\" data-rel=\"prettyPhoto[fw-gallery-9a5521151d648e1a7dd3893280820298]\" rel=\"prettyPhoto[fw-gallery-9a5521151d648e1a7dd3893280820298]\" class=\"fw-block-image-child fw-ratio-container fw-ratio-1 \">\n\t\t\t\t\t\t<noscript itemscope itemtype=\"https:\/\/schema.org\/ImageObject\" itemprop=\"image\"><img src=\"https:\/\/partnom.at\/wp-content\/uploads\/2018\/07\/IMG_6129.jpg\"  alt=\"Impressionen\" data-maxdpr=\"1.7\" class=\"attachment-post-thumbnail lazyload\" \/><meta itemprop=\"url\" content=\"https:\/\/partnom.at\/wp-content\/uploads\/2018\/07\/IMG_6129.jpg\"><meta itemprop=\"width\" content=\"5472\"><meta itemprop=\"height\" content=\"3648\"><\/noscript><img src=\"data:image\/gif;base64,R0lGODlhAQABAIAAAAAAAP\/\/\/yH5BAEAAAAALAAAAAABAAEAAAIBRAA7\" data-sizes=\"auto\" data-srcset=\"https:\/\/partnom.at\/wp-content\/uploads\/2018\/07\/IMG_6129-150x150.jpg 150w, https:\/\/partnom.at\/wp-content\/uploads\/2018\/07\/IMG_6129-800x800.jpg 800w, https:\/\/partnom.at\/wp-content\/uploads\/2018\/07\/IMG_6129-300x300.jpg 300w\"   alt=\"Impressionen\" data-maxdpr=\"1.7\" class=\"attachment-post-thumbnail lazyload\" \/>\n\t\t\t\t\t\t<div class=\"fw-block-image-overlay\">\n\t\t\t\t\t\t\t<div class=\"fw-itable\">\n\t\t\t\t\t\t\t\t<div class=\"fw-icell\">\n\t\t\t\t\t\t\t\t\t<i class=\"fw-icon-zoom\"><\/i>\n\t\t\t\t\t\t\t\t\t<h5 class=\"fw-overlay-title\">Ankommen<\/h5>\n\t\t\t\t\t\t\t\t\t<p class=\"fw-overlay-description\"><\/p>\n\t\t\t\t\t\t\t\t<\/div>\n\t\t\t\t\t\t\t<\/div>\n\t\t\t\t\t\t<\/div>\n\t\t\t\t\t<\/a>\n\t\t\t\t<\/div>\n\t\t\t<\/div><div class=\"fw-gallery-col fw-inner-col-width2\">\n\t\t\t\t<div class=\"fw-gallery-image fw-height-sm fw-block-image-parent fw-overlay-5  overlay_color_2\" >\n\t\t\t\t\t<a href=\"https:\/\/partnom.at\/wp-content\/uploads\/2018\/07\/IMG_5757.jpg\" data-rel=\"prettyPhoto[fw-gallery-9a5521151d648e1a7dd3893280820298]\" rel=\"prettyPhoto[fw-gallery-9a5521151d648e1a7dd3893280820298]\" class=\"fw-block-image-child fw-ratio-container fw-ratio-2-1 \">\n\t\t\t\t\t\t<noscript itemscope itemtype=\"https:\/\/schema.org\/ImageObject\" itemprop=\"image\"><img src=\"https:\/\/partnom.at\/wp-content\/uploads\/2018\/07\/IMG_5757.jpg\"  alt=\"Bergwelt\" data-maxdpr=\"1.7\" class=\"attachment-post-thumbnail lazyload\" \/><meta itemprop=\"url\" content=\"https:\/\/partnom.at\/wp-content\/uploads\/2018\/07\/IMG_5757.jpg\"><meta itemprop=\"width\" content=\"5472\"><meta itemprop=\"height\" content=\"3648\"><\/noscript><img src=\"data:image\/gif;base64,R0lGODlhAQABAIAAAAAAAP\/\/\/yH5BAEAAAAALAAAAAABAAEAAAIBRAA7\" data-sizes=\"auto\" data-srcset=\"https:\/\/partnom.at\/wp-content\/uploads\/2018\/07\/IMG_5757-600x300.jpg 600w, https:\/\/partnom.at\/wp-content\/uploads\/2018\/07\/IMG_5757-1200x600.jpg 1200w\"   alt=\"Bergwelt\" data-maxdpr=\"1.7\" class=\"attachment-post-thumbnail lazyload\" \/>\n\t\t\t\t\t\t<div class=\"fw-block-image-overlay\">\n\t\t\t\t\t\t\t<div class=\"fw-itable\">\n\t\t\t\t\t\t\t\t<div class=\"fw-icell\">\n\t\t\t\t\t\t\t\t\t<i class=\"fw-icon-zoom\"><\/i>\n\t\t\t\t\t\t\t\t\t<h5 class=\"fw-overlay-title\">Durchstarten<\/h5>\n\t\t\t\t\t\t\t\t\t<p class=\"fw-overlay-description\"><\/p>\n\t\t\t\t\t\t\t\t<\/div>\n\t\t\t\t\t\t\t<\/div>\n\t\t\t\t\t\t<\/div>\n\t\t\t\t\t<\/a>\n\t\t\t\t<\/div>\n\t\t\t<\/div><div class=\"fw-gallery-col fw-inner-col-width2\">\n\t\t\t\t<div class=\"fw-gallery-image fw-height-sm fw-block-image-parent fw-overlay-5  overlay_color_2\" >\n\t\t\t\t\t<a href=\"https:\/\/partnom.at\/wp-content\/uploads\/2018\/07\/IMG_5898.jpg\" data-rel=\"prettyPhoto[fw-gallery-9a5521151d648e1a7dd3893280820298]\" rel=\"prettyPhoto[fw-gallery-9a5521151d648e1a7dd3893280820298]\" class=\"fw-block-image-child fw-ratio-container fw-ratio-2-1 \">\n\t\t\t\t\t\t<noscript itemscope itemtype=\"https:\/\/schema.org\/ImageObject\" itemprop=\"image\"><img src=\"https:\/\/partnom.at\/wp-content\/uploads\/2018\/07\/IMG_5898.jpg\"  alt=\"Bergwelt\" data-maxdpr=\"1.7\" class=\"attachment-post-thumbnail lazyload\" \/><meta itemprop=\"url\" content=\"https:\/\/partnom.at\/wp-content\/uploads\/2018\/07\/IMG_5898.jpg\"><meta itemprop=\"width\" content=\"5472\"><meta itemprop=\"height\" content=\"3648\"><\/noscript><img src=\"data:image\/gif;base64,R0lGODlhAQABAIAAAAAAAP\/\/\/yH5BAEAAAAALAAAAAABAAEAAAIBRAA7\" data-sizes=\"auto\" data-srcset=\"https:\/\/partnom.at\/wp-content\/uploads\/2018\/07\/IMG_5898-600x300.jpg 600w, https:\/\/partnom.at\/wp-content\/uploads\/2018\/07\/IMG_5898-1200x600.jpg 1200w\"   alt=\"Bergwelt\" data-maxdpr=\"1.7\" class=\"attachment-post-thumbnail lazyload\" \/>\n\t\t\t\t\t\t<div class=\"fw-block-image-overlay\">\n\t\t\t\t\t\t\t<div class=\"fw-itable\">\n\t\t\t\t\t\t\t\t<div class=\"fw-icell\">\n\t\t\t\t\t\t\t\t\t<i class=\"fw-icon-zoom\"><\/i>\n\t\t\t\t\t\t\t\t\t<h5 class=\"fw-overlay-title\">Genie\u00dfen<\/h5>\n\t\t\t\t\t\t\t\t\t<p class=\"fw-overlay-description\"><\/p>\n\t\t\t\t\t\t\t\t<\/div>\n\t\t\t\t\t\t\t<\/div>\n\t\t\t\t\t\t<\/div>\n\t\t\t\t\t<\/a>\n\t\t\t\t<\/div>\n\t\t\t<\/div><div class=\"fw-gallery-col fw-inner-col-width1\">\n\t\t\t\t<div class=\"fw-gallery-image fw-height-sm fw-block-image-parent fw-overlay-5  overlay_color_2\" >\n\t\t\t\t\t<a href=\"https:\/\/partnom.at\/wp-content\/uploads\/2018\/07\/IMG_5813.jpg\" data-rel=\"prettyPhoto[fw-gallery-9a5521151d648e1a7dd3893280820298]\" rel=\"prettyPhoto[fw-gallery-9a5521151d648e1a7dd3893280820298]\" class=\"fw-block-image-child fw-ratio-container fw-ratio-1 \">\n\t\t\t\t\t\t<noscript itemscope itemtype=\"https:\/\/schema.org\/ImageObject\" itemprop=\"image\"><img src=\"https:\/\/partnom.at\/wp-content\/uploads\/2018\/07\/IMG_5813.jpg\"  alt=\"Bergwelt\" data-maxdpr=\"1.7\" class=\"attachment-post-thumbnail lazyload\" \/><meta itemprop=\"url\" content=\"https:\/\/partnom.at\/wp-content\/uploads\/2018\/07\/IMG_5813.jpg\"><meta itemprop=\"width\" content=\"5472\"><meta itemprop=\"height\" content=\"3648\"><\/noscript><img src=\"data:image\/gif;base64,R0lGODlhAQABAIAAAAAAAP\/\/\/yH5BAEAAAAALAAAAAABAAEAAAIBRAA7\" data-sizes=\"auto\" data-srcset=\"https:\/\/partnom.at\/wp-content\/uploads\/2018\/07\/IMG_5813-150x150.jpg 150w, https:\/\/partnom.at\/wp-content\/uploads\/2018\/07\/IMG_5813-800x800.jpg 800w, https:\/\/partnom.at\/wp-content\/uploads\/2018\/07\/IMG_5813-300x300.jpg 300w\"   alt=\"Bergwelt\" data-maxdpr=\"1.7\" class=\"attachment-post-thumbnail lazyload\" \/>\n\t\t\t\t\t\t<div class=\"fw-block-image-overlay\">\n\t\t\t\t\t\t\t<div class=\"fw-itable\">\n\t\t\t\t\t\t\t\t<div class=\"fw-icell\">\n\t\t\t\t\t\t\t\t\t<i class=\"fw-icon-zoom\"><\/i>\n\t\t\t\t\t\t\t\t\t<h5 class=\"fw-overlay-title\">Ausblick<\/h5>\n\t\t\t\t\t\t\t\t\t<p class=\"fw-overlay-description\"><\/p>\n\t\t\t\t\t\t\t\t<\/div>\n\t\t\t\t\t\t\t<\/div>\n\t\t\t\t\t\t<\/div>\n\t\t\t\t\t<\/a>\n\t\t\t\t<\/div>\n\t\t\t<\/div><div class=\"fw-gallery-col fw-inner-col-width1\">\n\t\t\t\t<div class=\"fw-gallery-image fw-height-sm fw-block-image-parent fw-overlay-5  overlay_color_2\" >\n\t\t\t\t\t<a href=\"https:\/\/partnom.at\/wp-content\/uploads\/2018\/07\/IMG_5773.jpg\" data-rel=\"prettyPhoto[fw-gallery-9a5521151d648e1a7dd3893280820298]\" rel=\"prettyPhoto[fw-gallery-9a5521151d648e1a7dd3893280820298]\" class=\"fw-block-image-child fw-ratio-container fw-ratio-1 \">\n\t\t\t\t\t\t<noscript itemscope itemtype=\"https:\/\/schema.org\/ImageObject\" itemprop=\"image\"><img src=\"https:\/\/partnom.at\/wp-content\/uploads\/2018\/07\/IMG_5773.jpg\"  alt=\"Bergwelt\" data-maxdpr=\"1.7\" class=\"attachment-post-thumbnail lazyload\" \/><meta itemprop=\"url\" content=\"https:\/\/partnom.at\/wp-content\/uploads\/2018\/07\/IMG_5773.jpg\"><meta itemprop=\"width\" content=\"5472\"><meta itemprop=\"height\" content=\"3648\"><\/noscript><img src=\"data:image\/gif;base64,R0lGODlhAQABAIAAAAAAAP\/\/\/yH5BAEAAAAALAAAAAABAAEAAAIBRAA7\" data-sizes=\"auto\" data-srcset=\"https:\/\/partnom.at\/wp-content\/uploads\/2018\/07\/IMG_5773-150x150.jpg 150w, https:\/\/partnom.at\/wp-content\/uploads\/2018\/07\/IMG_5773-800x800.jpg 800w, https:\/\/partnom.at\/wp-content\/uploads\/2018\/07\/IMG_5773-300x300.jpg 300w\"   alt=\"Bergwelt\" data-maxdpr=\"1.7\" class=\"attachment-post-thumbnail lazyload\" \/>\n\t\t\t\t\t\t<div class=\"fw-block-image-overlay\">\n\t\t\t\t\t\t\t<div class=\"fw-itable\">\n\t\t\t\t\t\t\t\t<div class=\"fw-icell\">\n\t\t\t\t\t\t\t\t\t<i class=\"fw-icon-zoom\"><\/i>\n\t\t\t\t\t\t\t\t\t<h5 class=\"fw-overlay-title\">Einkehren<\/h5>\n\t\t\t\t\t\t\t\t\t<p class=\"fw-overlay-description\"><\/p>\n\t\t\t\t\t\t\t\t<\/div>\n\t\t\t\t\t\t\t<\/div>\n\t\t\t\t\t\t<\/div>\n\t\t\t\t\t<\/a>\n\t\t\t\t<\/div>\n\t\t\t<\/div><div class=\"fw-gallery-col fw-inner-col-width2\">\n\t\t\t\t<div class=\"fw-gallery-image fw-height-sm fw-block-image-parent fw-overlay-5  overlay_color_2\" >\n\t\t\t\t\t<a href=\"https:\/\/partnom.at\/wp-content\/uploads\/2018\/07\/IMG_5926.jpg\" data-rel=\"prettyPhoto[fw-gallery-9a5521151d648e1a7dd3893280820298]\" rel=\"prettyPhoto[fw-gallery-9a5521151d648e1a7dd3893280820298]\" class=\"fw-block-image-child fw-ratio-container fw-ratio-2-1 \">\n\t\t\t\t\t\t<noscript itemscope itemtype=\"https:\/\/schema.org\/ImageObject\" itemprop=\"image\"><img src=\"https:\/\/partnom.at\/wp-content\/uploads\/2018\/07\/IMG_5926.jpg\"  alt=\"Bergwelt\" data-maxdpr=\"1.7\" class=\"attachment-post-thumbnail lazyload\" \/><meta itemprop=\"url\" content=\"https:\/\/partnom.at\/wp-content\/uploads\/2018\/07\/IMG_5926.jpg\"><meta itemprop=\"width\" content=\"5472\"><meta itemprop=\"height\" content=\"3648\"><\/noscript><img src=\"data:image\/gif;base64,R0lGODlhAQABAIAAAAAAAP\/\/\/yH5BAEAAAAALAAAAAABAAEAAAIBRAA7\" data-sizes=\"auto\" data-srcset=\"https:\/\/partnom.at\/wp-content\/uploads\/2018\/07\/IMG_5926-600x300.jpg 600w, https:\/\/partnom.at\/wp-content\/uploads\/2018\/07\/IMG_5926-1200x600.jpg 1200w\"   alt=\"Bergwelt\" data-maxdpr=\"1.7\" class=\"attachment-post-thumbnail lazyload\" \/>\n\t\t\t\t\t\t<div class=\"fw-block-image-overlay\">\n\t\t\t\t\t\t\t<div class=\"fw-itable\">\n\t\t\t\t\t\t\t\t<div class=\"fw-icell\">\n\t\t\t\t\t\t\t\t\t<i class=\"fw-icon-zoom\"><\/i>\n\t\t\t\t\t\t\t\t\t<h5 class=\"fw-overlay-title\">Satte Auswahl <\/h5>\n\t\t\t\t\t\t\t\t\t<p class=\"fw-overlay-description\"><\/p>\n\t\t\t\t\t\t\t\t<\/div>\n\t\t\t\t\t\t\t<\/div>\n\t\t\t\t\t\t<\/div>\n\t\t\t\t\t<\/a>\n\t\t\t\t<\/div>\n\t\t\t<\/div><div class=\"fw-gallery-col fw-inner-col-width2\">\n\t\t\t\t<div class=\"fw-gallery-image fw-height-sm fw-block-image-parent fw-overlay-5  overlay_color_2\" >\n\t\t\t\t\t<a href=\"https:\/\/partnom.at\/wp-content\/uploads\/2018\/07\/IMG_5724.jpg\" data-rel=\"prettyPhoto[fw-gallery-9a5521151d648e1a7dd3893280820298]\" rel=\"prettyPhoto[fw-gallery-9a5521151d648e1a7dd3893280820298]\" class=\"fw-block-image-child fw-ratio-container fw-ratio-2-1 \">\n\t\t\t\t\t\t<noscript itemscope itemtype=\"https:\/\/schema.org\/ImageObject\" itemprop=\"image\"><img src=\"https:\/\/partnom.at\/wp-content\/uploads\/2018\/07\/IMG_5724.jpg\"  alt=\"Bergwelt\" data-maxdpr=\"1.7\" class=\"attachment-post-thumbnail lazyload\" \/><meta itemprop=\"url\" content=\"https:\/\/partnom.at\/wp-content\/uploads\/2018\/07\/IMG_5724.jpg\"><meta itemprop=\"width\" content=\"5472\"><meta itemprop=\"height\" content=\"3648\"><\/noscript><img src=\"data:image\/gif;base64,R0lGODlhAQABAIAAAAAAAP\/\/\/yH5BAEAAAAALAAAAAABAAEAAAIBRAA7\" data-sizes=\"auto\" data-srcset=\"https:\/\/partnom.at\/wp-content\/uploads\/2018\/07\/IMG_5724-600x300.jpg 600w, https:\/\/partnom.at\/wp-content\/uploads\/2018\/07\/IMG_5724-1200x600.jpg 1200w\"   alt=\"Bergwelt\" data-maxdpr=\"1.7\" class=\"attachment-post-thumbnail lazyload\" \/>\n\t\t\t\t\t\t<div class=\"fw-block-image-overlay\">\n\t\t\t\t\t\t\t<div class=\"fw-itable\">\n\t\t\t\t\t\t\t\t<div class=\"fw-icell\">\n\t\t\t\t\t\t\t\t\t<i class=\"fw-icon-zoom\"><\/i>\n\t\t\t\t\t\t\t\t\t<h5 class=\"fw-overlay-title\">Touren<\/h5>\n\t\t\t\t\t\t\t\t\t<p class=\"fw-overlay-description\"><\/p>\n\t\t\t\t\t\t\t\t<\/div>\n\t\t\t\t\t\t\t<\/div>\n\t\t\t\t\t\t<\/div>\n\t\t\t\t\t<\/a>\n\t\t\t\t<\/div>\n\t\t\t<\/div><div class=\"fw-gallery-col fw-inner-col-width1\">\n\t\t\t\t<div class=\"fw-gallery-image fw-height-sm fw-block-image-parent fw-overlay-5  overlay_color_2\" >\n\t\t\t\t\t<a href=\"https:\/\/partnom.at\/wp-content\/uploads\/2018\/07\/IMG_5690.jpg\" data-rel=\"prettyPhoto[fw-gallery-9a5521151d648e1a7dd3893280820298]\" rel=\"prettyPhoto[fw-gallery-9a5521151d648e1a7dd3893280820298]\" class=\"fw-block-image-child fw-ratio-container fw-ratio-1 \">\n\t\t\t\t\t\t<noscript itemscope itemtype=\"https:\/\/schema.org\/ImageObject\" itemprop=\"image\"><img src=\"https:\/\/partnom.at\/wp-content\/uploads\/2018\/07\/IMG_5690.jpg\"  alt=\"Impressionen\" data-maxdpr=\"1.7\" class=\"attachment-post-thumbnail lazyload\" \/><meta itemprop=\"url\" content=\"https:\/\/partnom.at\/wp-content\/uploads\/2018\/07\/IMG_5690.jpg\"><meta itemprop=\"width\" content=\"5472\"><meta itemprop=\"height\" content=\"3648\"><\/noscript><img src=\"data:image\/gif;base64,R0lGODlhAQABAIAAAAAAAP\/\/\/yH5BAEAAAAALAAAAAABAAEAAAIBRAA7\" data-sizes=\"auto\" data-srcset=\"https:\/\/partnom.at\/wp-content\/uploads\/2018\/07\/IMG_5690-150x150.jpg 150w, https:\/\/partnom.at\/wp-content\/uploads\/2018\/07\/IMG_5690-800x800.jpg 800w, https:\/\/partnom.at\/wp-content\/uploads\/2018\/07\/IMG_5690-300x300.jpg 300w\"   alt=\"Impressionen\" data-maxdpr=\"1.7\" class=\"attachment-post-thumbnail lazyload\" \/>\n\t\t\t\t\t\t<div class=\"fw-block-image-overlay\">\n\t\t\t\t\t\t\t<div class=\"fw-itable\">\n\t\t\t\t\t\t\t\t<div class=\"fw-icell\">\n\t\t\t\t\t\t\t\t\t<i class=\"fw-icon-zoom\"><\/i>\n\t\t\t\t\t\t\t\t\t<h5 class=\"fw-overlay-title\">Ankommen<\/h5>\n\t\t\t\t\t\t\t\t\t<p class=\"fw-overlay-description\"><\/p>\n\t\t\t\t\t\t\t\t<\/div>\n\t\t\t\t\t\t\t<\/div>\n\t\t\t\t\t\t<\/div>\n\t\t\t\t\t<\/a>\n\t\t\t\t<\/div>\n\t\t\t<\/div><\/div><div class=\"fw-gallery-col fw-col-width2\"><div class=\"fw-gallery-image fw-height-md fw-block-image-parent fw-overlay-5  overlay_color_2\" >\n\t\t\t\t<a href=\"https:\/\/partnom.at\/wp-content\/uploads\/2018\/07\/IMG_5802.jpg\" data-rel=\"prettyPhoto[fw-gallery-9a5521151d648e1a7dd3893280820298]\" rel=\"prettyPhoto[fw-gallery-9a5521151d648e1a7dd3893280820298]\" class=\"fw-block-image-child fw-ratio-container fw-ratio-1-2 \">\n\t\t\t\t\t<noscript itemscope itemtype=\"https:\/\/schema.org\/ImageObject\" itemprop=\"image\"><img src=\"https:\/\/partnom.at\/wp-content\/uploads\/2018\/07\/IMG_5802.jpg\"  alt=\"IMG_5802\" data-maxdpr=\"1.7\" class=\"attachment-post-thumbnail lazyload\" \/><meta itemprop=\"url\" content=\"https:\/\/partnom.at\/wp-content\/uploads\/2018\/07\/IMG_5802.jpg\"><meta itemprop=\"width\" content=\"5472\"><meta itemprop=\"height\" content=\"3648\"><\/noscript><img src=\"data:image\/gif;base64,R0lGODlhAQABAIAAAAAAAP\/\/\/yH5BAEAAAAALAAAAAABAAEAAAIBRAA7\" data-sizes=\"auto\" data-srcset=\"https:\/\/partnom.at\/wp-content\/uploads\/2018\/07\/IMG_5802-300x600.jpg 300w, https:\/\/partnom.at\/wp-content\/uploads\/2018\/07\/IMG_5802-600x1200.jpg 600w\"   alt=\"IMG_5802\" data-maxdpr=\"1.7\" class=\"attachment-post-thumbnail lazyload\" \/>\n\t\t\t\t\t<div class=\"fw-block-image-overlay\">\n\t\t\t\t\t\t<div class=\"fw-itable\">\n\t\t\t\t\t\t\t<div class=\"fw-icell\">\n\t\t\t\t\t\t\t\t<i class=\"fw-icon-zoom\"><\/i>\n\t\t\t\t\t\t\t\t<h5 class=\"fw-overlay-title\">Momente<\/h5>\n\t\t\t\t\t\t\t\t<p class=\"fw-overlay-description\"><\/p>\n\t\t\t\t\t\t\t<\/div>\n\t\t\t\t\t\t<\/div>\n\t\t\t\t\t<\/div>\n\t\t\t\t<\/a>\n\t\t\t<\/div><div class=\"fw-gallery-image fw-height-md fw-block-image-parent fw-overlay-5  overlay_color_2\" >\n\t\t\t\t<a href=\"https:\/\/partnom.at\/wp-content\/uploads\/2018\/07\/IMG_5722.jpg\" data-rel=\"prettyPhoto[fw-gallery-9a5521151d648e1a7dd3893280820298]\" rel=\"prettyPhoto[fw-gallery-9a5521151d648e1a7dd3893280820298]\" class=\"fw-block-image-child fw-ratio-container fw-ratio-1-2 \">\n\t\t\t\t\t<noscript itemscope itemtype=\"https:\/\/schema.org\/ImageObject\" itemprop=\"image\"><img src=\"https:\/\/partnom.at\/wp-content\/uploads\/2018\/07\/IMG_5722.jpg\"  alt=\"Bergwelt\" data-maxdpr=\"1.7\" class=\"attachment-post-thumbnail lazyload\" \/><meta itemprop=\"url\" content=\"https:\/\/partnom.at\/wp-content\/uploads\/2018\/07\/IMG_5722.jpg\"><meta itemprop=\"width\" content=\"5472\"><meta itemprop=\"height\" content=\"3648\"><\/noscript><img src=\"data:image\/gif;base64,R0lGODlhAQABAIAAAAAAAP\/\/\/yH5BAEAAAAALAAAAAABAAEAAAIBRAA7\" data-sizes=\"auto\" data-srcset=\"https:\/\/partnom.at\/wp-content\/uploads\/2018\/07\/IMG_5722-300x600.jpg 300w, https:\/\/partnom.at\/wp-content\/uploads\/2018\/07\/IMG_5722-600x1200.jpg 600w\"   alt=\"Bergwelt\" data-maxdpr=\"1.7\" class=\"attachment-post-thumbnail lazyload\" \/>\n\t\t\t\t\t<div class=\"fw-block-image-overlay\">\n\t\t\t\t\t\t<div class=\"fw-itable\">\n\t\t\t\t\t\t\t<div class=\"fw-icell\">\n\t\t\t\t\t\t\t\t<i class=\"fw-icon-zoom\"><\/i>\n\t\t\t\t\t\t\t\t<h5 class=\"fw-overlay-title\">Durchstarten<\/h5>\n\t\t\t\t\t\t\t\t<p class=\"fw-overlay-description\"><\/p>\n\t\t\t\t\t\t\t<\/div>\n\t\t\t\t\t\t<\/div>\n\t\t\t\t\t<\/div>\n\t\t\t\t<\/a>\n\t\t\t<\/div><\/div><\/div>\t\t<\/div>\n\t<\/div>\n<\/div><\/div>\n\n\t<\/div>\n\t<\/section><\/p>\n","protected":false},"excerpt":{"rendered":"<p>Radler Erkunden Sie mit dem Mountainbike die Region des Biosph\u00e4renparks Gro\u00dfes Walsertal auf zwei R\u00e4dern. Viele abwechslungsreiche, spannende und anspruchsvolle\u00a0Routen laden zum Genie\u00dfen der Bergwelt ein. &nbsp; TOUREN ENTDECKEN Variantenreiche Berglandschaft Mehrere hundert Kilometer offizielle Mountainbikerouten verschiedenster Schwierigkeitsgrade und H\u00f6henlagen laden ein, die Naturlandschaft im Biosph\u00e4renpark auf zwei R\u00e4dern zu entdecken. &nbsp; Ankommen Durchstarten Genie\u00dfen [&hellip;]<\/p>\n","protected":false},"author":1,"featured_media":0,"parent":0,"menu_order":0,"comment_status":"closed","ping_status":"closed","template":"visual-builder-template.php","meta":[],"_links":{"self":[{"href":"https:\/\/partnom.at\/index.php\/wp-json\/wp\/v2\/pages\/802"}],"collection":[{"href":"https:\/\/partnom.at\/index.php\/wp-json\/wp\/v2\/pages"}],"about":[{"href":"https:\/\/partnom.at\/index.php\/wp-json\/wp\/v2\/types\/page"}],"author":[{"embeddable":true,"href":"https:\/\/partnom.at\/index.php\/wp-json\/wp\/v2\/users\/1"}],"replies":[{"embeddable":true,"href":"https:\/\/partnom.at\/index.php\/wp-json\/wp\/v2\/comments?post=802"}],"version-history":[{"count":27,"href":"https:\/\/partnom.at\/index.php\/wp-json\/wp\/v2\/pages\/802\/revisions"}],"predecessor-version":[{"id":854,"href":"https:\/\/partnom.at\/index.php\/wp-json\/wp\/v2\/pages\/802\/revisions\/854"}],"wp:attachment":[{"href":"https:\/\/partnom.at\/index.php\/wp-json\/wp\/v2\/media?parent=802"}],"curies":[{"name":"wp","href":"https:\/\/api.w.org\/{rel}","templated":true}]}}